{"id":1816,"date":"2023-01-16T13:33:48","date_gmt":"2023-01-16T13:33:48","guid":{"rendered":"https:\/\/banahills.weavingwebs.co.uk\/the-course\/"},"modified":"2026-03-03T03:20:53","modified_gmt":"2026-03-03T03:20:53","slug":"the-course","status":"publish","type":"page","link":"https:\/\/banahillsgolf.com\/vi\/the-course\/","title":{"rendered":"T\u1ed5ng quan v\u1ec1 s\u00e2n"},"content":{"rendered":"\t\t<div data-elementor-type=\"wp-page\" data-elementor-id=\"1816\" class=\"elementor elementor-1816 elementor-785\">\n\t\t\t\t\t\t\t\t\t<section class=\"elementor-section elementor-top-section elementor-element elementor-element-750af03 elementor-section-full_width elementor-section-height-min-height elementor-section-height-default elementor-section-items-middle\" data-id=\"750af03\" data-element_type=\"section\" data-settings=\"{&quot;background_background&quot;:&quot;video&quot;}\">\n\t\t\t\t\t\t<div class=\"elementor-container elementor-column-gap-default\">\n\t\t\t\t\t<div class=\"elementor-column elementor-col-100 elementor-top-column elementor-element elementor-element-889e401\" data-id=\"889e401\" data-element_type=\"column\">\n\t\t\t<div class=\"elementor-widget-wrap elementor-element-populated\">\n\t\t\t\t\t\t\t\t<div class=\"elementor-element elementor-element-c943686 dce_masking-none elementor-widget elementor-widget-video\" data-id=\"c943686\" data-element_type=\"widget\" data-settings=\"{&quot;autoplay&quot;:&quot;yes&quot;,&quot;mute&quot;:&quot;yes&quot;,&quot;loop&quot;:&quot;yes&quot;,&quot;video_type&quot;:&quot;vimeo&quot;}\" data-widget_type=\"video.default\">\n\t\t\t\t<div class=\"elementor-widget-container\">\n\t\t\t<style>\/*! elementor - v3.13.3 - 28-05-2023 *\/\n.elementor-widget-video .elementor-widget-container{overflow:hidden;transform:translateZ(0)}.elementor-widget-video .elementor-wrapper{aspect-ratio:var(--video-aspect-ratio)}.elementor-widget-video .elementor-wrapper iframe,.elementor-widget-video .elementor-wrapper video{height:100%;width:100%;display:flex;border:none;background-color:#000}@supports not (aspect-ratio:1\/1){.elementor-widget-video .elementor-wrapper{position:relative;overflow:hidden;height:0;padding-bottom:calc(100% \/ var(--video-aspect-ratio))}.elementor-widget-video .elementor-wrapper iframe,.elementor-widget-video .elementor-wrapper video{position:absolute;top:0;right:0;bottom:0;left:0}}.elementor-widget-video .elementor-open-inline .elementor-custom-embed-image-overlay{position:absolute;top:0;left:0;width:100%;height:100%;background-size:cover;background-position:50%}.elementor-widget-video .elementor-custom-embed-image-overlay{cursor:pointer;text-align:center}.elementor-widget-video .elementor-custom-embed-image-overlay:hover .elementor-custom-embed-play i{opacity:1}.elementor-widget-video .elementor-custom-embed-image-overlay img{display:block;width:100%}.elementor-widget-video .e-hosted-video .elementor-video{-o-object-fit:cover;object-fit:cover}.e-con-inner>.elementor-widget-video,.e-con>.elementor-widget-video{width:var(--container-widget-width);--flex-grow:var(--container-widget-flex-grow)}<\/style>\t\t<div class=\"elementor-wrapper elementor-open-inline\">\n\t\t\t<iframe class=\"elementor-video-iframe\" allowfullscreen title=\"vimeo Video Player\" src=\"https:\/\/player.vimeo.com\/video\/796568377?autoplay=1&amp;color&amp;autopause=0&amp;loop=1&amp;muted=1&amp;title=1&amp;portrait=1&amp;byline=1#t=\"><\/iframe>\t\t<\/div>\n\t\t\t\t<\/div>\n\t\t\t\t<\/div>\n\t\t\t\t\t<\/div>\n\t\t<\/div>\n\t\t\t\t\t\t\t<\/div>\n\t\t<\/section>\n\t\t\t\t<section class=\"elementor-section elementor-top-section elementor-element elementor-element-7b99b9c elementor-section-full_width elementor-section-height-min-height elementor-section-height-default elementor-section-items-middle\" data-id=\"7b99b9c\" data-element_type=\"section\">\n\t\t\t\t\t\t<div class=\"elementor-container elementor-column-gap-default\">\n\t\t\t\t\t<div data-dce-background-image-url=\"https:\/\/banahillsgolf.com\/wp-content\/uploads\/2023\/10\/Ba-Na-Hills-Golf-Club-whole-course-scaled.jpg\" class=\"elementor-column elementor-col-50 elementor-top-column elementor-element elementor-element-0c6eac8\" data-id=\"0c6eac8\" data-element_type=\"column\" data-settings=\"{&quot;background_background&quot;:&quot;classic&quot;}\" data-e-bg-lazyload=\".elementor-element-populated\">\n\t\t\t<div class=\"elementor-widget-wrap elementor-element-populated\">\n\t\t\t\t\t\t\t\t<div class=\"elementor-element elementor-element-b530338 elementor-widget elementor-widget-spacer\" data-id=\"b530338\" data-element_type=\"widget\" data-widget_type=\"spacer.default\">\n\t\t\t\t<div class=\"elementor-widget-container\">\n\t\t\t<style>\/*! elementor - v3.13.3 - 28-05-2023 *\/\n.elementor-column .elementor-spacer-inner{height:var(--spacer-size)}.e-con{--container-widget-width:100%}.e-con-inner>.elementor-widget-spacer,.e-con>.elementor-widget-spacer{width:var(--container-widget-width,var(--spacer-size));--align-self:var(--container-widget-align-self,initial);--flex-shrink:0}.e-con-inner>.elementor-widget-spacer>.elementor-widget-container,.e-con-inner>.elementor-widget-spacer>.elementor-widget-container>.elementor-spacer,.e-con>.elementor-widget-spacer>.elementor-widget-container,.e-con>.elementor-widget-spacer>.elementor-widget-container>.elementor-spacer{height:100%}.e-con-inner>.elementor-widget-spacer>.elementor-widget-container>.elementor-spacer>.elementor-spacer-inner,.e-con>.elementor-widget-spacer>.elementor-widget-container>.elementor-spacer>.elementor-spacer-inner{height:var(--container-widget-height,var(--spacer-size))}<\/style>\t\t<div class=\"elementor-spacer\">\n\t\t\t<div class=\"elementor-spacer-inner\"><\/div>\n\t\t<\/div>\n\t\t\t\t<\/div>\n\t\t\t\t<\/div>\n\t\t\t\t\t<\/div>\n\t\t<\/div>\n\t\t\t\t<div class=\"elementor-column elementor-col-50 elementor-top-column elementor-element elementor-element-92be245\" data-id=\"92be245\" data-element_type=\"column\">\n\t\t\t<div class=\"elementor-widget-wrap elementor-element-populated\">\n\t\t\t\t\t\t\t\t<div class=\"elementor-element elementor-element-3352f62 elementor-widget elementor-widget-heading\" data-id=\"3352f62\" data-element_type=\"widget\" data-widget_type=\"heading.default\">\n\t\t\t\t<div class=\"elementor-widget-container\">\n\t\t\t<style>\/*! elementor - v3.13.3 - 28-05-2023 *\/\n.elementor-heading-title{padding:0;margin:0;line-height:1}.elementor-widget-heading .elementor-heading-title[class*=elementor-size-]>a{color:inherit;font-size:inherit;line-height:inherit}.elementor-widget-heading .elementor-heading-title.elementor-size-small{font-size:15px}.elementor-widget-heading .elementor-heading-title.elementor-size-medium{font-size:19px}.elementor-widget-heading .elementor-heading-title.elementor-size-large{font-size:29px}.elementor-widget-heading .elementor-heading-title.elementor-size-xl{font-size:39px}.elementor-widget-heading .elementor-heading-title.elementor-size-xxl{font-size:59px}<\/style><h1 class=\"elementor-heading-title elementor-size-default\">T\u1ed4NG QUAN V\u1ec0 S\u00c2N<\/h1>\t\t<\/div>\n\t\t\t\t<\/div>\n\t\t\t\t<div class=\"elementor-element elementor-element-fea528b elementor-widget elementor-widget-text-editor\" data-id=\"fea528b\" data-element_type=\"widget\" data-widget_type=\"text-editor.default\">\n\t\t\t\t<div class=\"elementor-widget-container\">\n\t\t\t<style>\/*! elementor - v3.13.3 - 28-05-2023 *\/\n.elementor-widget-text-editor.elementor-drop-cap-view-stacked .elementor-drop-cap{background-color:#69727d;color:#fff}.elementor-widget-text-editor.elementor-drop-cap-view-framed .elementor-drop-cap{color:#69727d;border:3px solid;background-color:transparent}.elementor-widget-text-editor:not(.elementor-drop-cap-view-default) .elementor-drop-cap{margin-top:8px}.elementor-widget-text-editor:not(.elementor-drop-cap-view-default) .elementor-drop-cap-letter{width:1em;height:1em}.elementor-widget-text-editor .elementor-drop-cap{float:left;text-align:center;line-height:1;font-size:50px}.elementor-widget-text-editor .elementor-drop-cap-letter{display:inline-block}<\/style>\t\t\t\t<section class=\"info course-info\">\n<div class=\"container\">\n<div class=\"info__content\">\n<div class=\"info__text\">\n<p>L\u00e0 c\u1eeda ng\u00f5 l\u00ean n\u00fai B\u00e0 N\u00e0 h\u00f9ng v\u0129, B\u00e0 N\u00e0 Hills Golf Club t\u1ef1a nh\u01b0 m\u1ed9t thi\u00ean \u0111\u01b0\u1eddng th\u1ef1c th\u1ee5 cho gi\u1edbi m\u1ed9 \u0111i\u1ec7u golf v\u00e0 nh\u1eefng ai y\u00eau th\u00edch thi\u00ean nhi\u00ean. \u0110\u1ebfn \u0111\u00e2y, qu\u00fd kh\u00e1ch s\u1ebd c\u00f3 c\u01a1 h\u1ed9i \u0111\u01b0\u1ee3c chi\u00eam ng\u01b0\u1ee1ng v\u00e0 tr\u1ea3i nghi\u1ec7m \u201cS\u00e2n g\u00f4n t\u1ed1t nh\u1ea5t Vi\u1ec7t Nam\u201d 6 n\u0103m li\u00ean ti\u1ebfp \u2013 m\u1ed9t thi\u1ebft k\u1ebf \u0111\u1ea7u tay c\u1ee7a g\u00f4n th\u1ee7 Luke Donald. M\u1ed7i m\u1ed9t h\u1ed1 g\u00f4n n\u1eb1m t\u1ef1a m\u00ecnh gi\u1eefa nh\u1eefng c\u00e1nh r\u1eebng t\u1ef1 nhi\u00ean bao la, k\u00ec v\u0129 m\u00e0 n\u00ean th\u01a1. H\u1ec7 th\u1ed1ng \u0111\u00e8n chi\u1ebfu s\u00e1ng c\u1ea3 18 h\u1ed1 \u0111\u1ea3m b\u1ea3o g\u00f4n th\u1ee7 c\u00f3 th\u1ec3 ch\u01a1i golf ngay c\u1ea3 khi m\u1eb7t tr\u1eddi \u0111\u00e3 g\u00e1c n\u00fai.  <\/p>\n<\/p><\/div>\n<\/p><\/div>\n<\/p><\/div>\n<\/section>\n<section class=\"course-fe\">\n<div class=\"container\">\n<div class=\"row\">\n<div class=\"col-lg-4 d-flex align-items-center course-fe__item\">\n<div class=\"course-fe__img\"> <\/div>\n<\/p><\/div>\n<\/p><\/div>\n<\/p><\/div>\n<\/section>\n\t\t\t\t\t\t<\/div>\n\t\t\t\t<\/div>\n\t\t\t\t<div class=\"elementor-element elementor-element-155991b elementor-mobile-align-justify elementor-widget elementor-widget-button\" data-id=\"155991b\" data-element_type=\"widget\" data-widget_type=\"button.default\">\n\t\t\t\t<div class=\"elementor-widget-container\">\n\t\t\t\t\t<div class=\"elementor-button-wrapper\">\n\t\t\t<a href=\"https:\/\/banahillsgolf.com\/vi\/ba-na-hills-golf-club\/\" class=\"elementor-button-link elementor-button elementor-size-sm\" role=\"button\">\n\t\t\t\t\t\t<span class=\"elementor-button-content-wrapper\">\n\t\t\t\t\t\t<span class=\"elementor-button-text\">\u0110\u1eccC TH\u00caM<\/span>\n\t\t<\/span>\n\t\t\t\t\t<\/a>\n\t\t<\/div>\n\t\t\t\t<\/div>\n\t\t\t\t<\/div>\n\t\t\t\t\t<\/div>\n\t\t<\/div>\n\t\t\t\t\t\t\t<\/div>\n\t\t<\/section>\n\t\t\t\t<section class=\"elementor-section elementor-top-section elementor-element elementor-element-90c0463 elementor-section-full_width elementor-section-height-min-height elementor-section-height-default elementor-section-items-middle\" data-id=\"90c0463\" data-element_type=\"section\">\n\t\t\t\t\t\t<div class=\"elementor-container elementor-column-gap-default\">\n\t\t\t\t\t<div data-dce-background-image-url=\"https:\/\/banahillsgolf.com\/wp-content\/uploads\/2024\/10\/Picture1.jpg\" class=\"elementor-column elementor-col-50 elementor-top-column elementor-element elementor-element-d331d11\" data-id=\"d331d11\" data-element_type=\"column\" data-settings=\"{&quot;background_background&quot;:&quot;classic&quot;}\" data-e-bg-lazyload=\".elementor-element-populated\">\n\t\t\t<div class=\"elementor-widget-wrap elementor-element-populated\">\n\t\t\t\t\t\t\t\t<div class=\"elementor-element elementor-element-f2ae9b6 elementor-widget elementor-widget-spacer\" data-id=\"f2ae9b6\" data-element_type=\"widget\" data-widget_type=\"spacer.default\">\n\t\t\t\t<div class=\"elementor-widget-container\">\n\t\t\t\t\t<div class=\"elementor-spacer\">\n\t\t\t<div class=\"elementor-spacer-inner\"><\/div>\n\t\t<\/div>\n\t\t\t\t<\/div>\n\t\t\t\t<\/div>\n\t\t\t\t\t<\/div>\n\t\t<\/div>\n\t\t\t\t<div class=\"elementor-column elementor-col-50 elementor-top-column elementor-element elementor-element-e8ea559\" data-id=\"e8ea559\" data-element_type=\"column\">\n\t\t\t<div class=\"elementor-widget-wrap elementor-element-populated\">\n\t\t\t\t\t\t\t\t<div class=\"elementor-element elementor-element-fac891c elementor-widget elementor-widget-heading\" data-id=\"fac891c\" data-element_type=\"widget\" data-widget_type=\"heading.default\">\n\t\t\t\t<div class=\"elementor-widget-container\">\n\t\t\t<h1 class=\"elementor-heading-title elementor-size-default\">GI\u1edc M\u1ede C\u1eecA\u200b<\/h1>\t\t<\/div>\n\t\t\t\t<\/div>\n\t\t\t\t<div class=\"elementor-element elementor-element-ab69dd7 elementor-widget elementor-widget-text-editor\" data-id=\"ab69dd7\" data-element_type=\"widget\" data-widget_type=\"text-editor.default\">\n\t\t\t\t<div class=\"elementor-widget-container\">\n\t\t\t\t\t\t\t<section class=\"info course-info\"><div class=\"container\"><div class=\"info__content\"><div class=\"info__text\"><p>S\u00e2n Golf v\u00e0 Clubhouse m\u1edf c\u1eeda <strong>t\u1eeb 6:00 s\u00e1ng \u0111\u1ebfn 7:00 t\u1ed1i<\/strong> m\u1ed7i ng\u00e0y. H\u00e3y tr\u1ea3i nghi\u1ec7m c\u01a1 s\u1edf golf \u0111\u01b0\u1ee3c trao nhi\u1ec1u gi\u1ea3i th\u01b0\u1edfng nh\u1ea5t t\u1ea1i Vi\u1ec7t Nam!<\/p><p>Xin l\u01b0u \u00fd r\u1eb1ng gi\u1edd m\u1edf c\u1eeda c\u00f3 th\u1ec3 \u0111\u01b0\u1ee3c k\u00e9o d\u00e0i trong c\u00e1c gi\u1ea3i \u0111\u1ea5u golf \u0111\u00eam. \u0110\u00e8n chi\u1ebfu s\u00e1ng s\u1ebd \u0111\u01b0\u1ee3c cung c\u1ea5p trong gi\u1edd ho\u1ea1t \u0111\u1ed9ng tr\u00ean v\u00e0o c\u00e1c th\u1eddi \u0111i\u1ec3m c\u00f3 nhu c\u1ea7u cao \u0111\u1ec3 gi\u00fap c\u00e1c golfer ho\u00e0n th\u00e0nh v\u00f2ng ch\u01a1i. Golf \u0111\u00eam s\u1ebd \u0111\u01b0\u1ee3c t\u1ed5 ch\u1ee9c v\u00e0o nh\u1eefng bu\u1ed5i t\u1ed1i ch\u1ecdn l\u1ecdc, v\u00ec v\u1eady vui l\u00f2ng ki\u1ec3m tra v\u1edbi c\u00e2u l\u1ea1c b\u1ed9 v\u1ec1 c\u00e1c bu\u1ed5i ch\u01a1i c\u00f3 s\u1eb5n. \u0110\u1ed1i v\u1edbi nh\u00f3m t\u1eeb 40 ng\u01b0\u1eddi tr\u1edf l\u00ean, c\u00e2u l\u1ea1c b\u1ed9 c\u00f3 th\u1ec3 t\u1ed5 ch\u1ee9c c\u00e1c bu\u1ed5i ch\u01a1i golf \u0111\u00eam ho\u1eb7c s\u1ef1 ki\u1ec7n \u0111\u1eb7c bi\u1ec7t.<\/p><\/div><\/div><\/div><\/section>\t\t\t\t\t\t<\/div>\n\t\t\t\t<\/div>\n\t\t\t\t<div class=\"elementor-element elementor-element-8d724fb elementor-mobile-align-justify elementor-widget elementor-widget-button\" data-id=\"8d724fb\" data-element_type=\"widget\" data-widget_type=\"button.default\">\n\t\t\t\t<div class=\"elementor-widget-container\">\n\t\t\t\t\t<div class=\"elementor-button-wrapper\">\n\t\t\t<a href=\"https:\/\/banahillsgolf.com\/wp-content\/uploads\/2026\/03\/PRICE-LIST_update-2026-VN.pdf\" class=\"elementor-button-link elementor-button elementor-size-sm\" role=\"button\">\n\t\t\t\t\t\t<span class=\"elementor-button-content-wrapper\">\n\t\t\t\t\t\t<span class=\"elementor-button-text\">XEM B\u1ea2NG GI\u00c1<\/span>\n\t\t<\/span>\n\t\t\t\t\t<\/a>\n\t\t<\/div>\n\t\t\t\t<\/div>\n\t\t\t\t<\/div>\n\t\t\t\t\t<\/div>\n\t\t<\/div>\n\t\t\t\t\t\t\t<\/div>\n\t\t<\/section>\n\t\t\t\t<section class=\"elementor-section elementor-top-section elementor-element elementor-element-9eca93a elementor-section-full_width elementor-section-height-min-height elementor-section-items-top elementor-section-height-default\" data-id=\"9eca93a\" data-element_type=\"section\">\n\t\t\t\t\t\t<div class=\"elementor-container elementor-column-gap-default\">\n\t\t\t\t\t<div class=\"elementor-column elementor-col-33 elementor-top-column elementor-element elementor-element-e3c6159\" data-id=\"e3c6159\" data-element_type=\"column\">\n\t\t\t<div class=\"elementor-widget-wrap elementor-element-populated\">\n\t\t\t\t\t\t\t\t<div class=\"elementor-element elementor-element-b5a8b99 elementor-cta--skin-cover elementor-cta--valign-bottom elementor-bg-transform elementor-bg-transform-zoom-in elementor-widget elementor-widget-call-to-action\" data-id=\"b5a8b99\" data-element_type=\"widget\" data-widget_type=\"call-to-action.default\">\n\t\t\t\t<div class=\"elementor-widget-container\">\n\t\t\t<link rel=\"stylesheet\" href=\"https:\/\/banahillsgolf.com\/wp-content\/plugins\/elementor-pro\/assets\/css\/widget-call-to-action.min.css\">\t\t<a class=\"elementor-cta\" data-e-bg-lazyload=\".elementor-bg\" href=\"https:\/\/banahillsgolf.com\/wp-content\/uploads\/2023\/04\/Ba-Na-Hills-Golf-Club_Course-Layout.pdf\" target=\"_blank\">\n\t\t\t\t\t<div class=\"elementor-cta__bg-wrapper\">\n\t\t\t\t<div class=\"elementor-cta__bg elementor-bg\" style=\"background-image: var(--e-bg-lazyload-loaded); --e-bg-lazyload: url(https:\/\/banahillsgolf.com\/wp-content\/uploads\/2023\/01\/BaNaHills_CHAerial09_0130-720x405-1.jpg);\" role=\"img\" aria-label=\"BaNaHills_CHAerial09_0130-720x405\"><\/div>\n\t\t\t\t<div class=\"elementor-cta__bg-overlay\"><\/div>\n\t\t\t<\/div>\n\t\t\t\t\t\t\t<div class=\"elementor-cta__content\">\n\t\t\t\t\n\t\t\t\t<h2 class=\"elementor-cta__title elementor-cta__content-item elementor-content-item\">B\u1ea3n \u0111\u1ed3 s\u00e2n<\/h2>\n\t\t\t\t\n\t\t\t\t\t\t\t<\/div>\n\t\t\t\t\t\t<\/a>\n\t\t\t\t<\/div>\n\t\t\t\t<\/div>\n\t\t\t\t\t<\/div>\n\t\t<\/div>\n\t\t\t\t<div class=\"elementor-column elementor-col-33 elementor-top-column elementor-element elementor-element-13de3a8\" data-id=\"13de3a8\" data-element_type=\"column\">\n\t\t\t<div class=\"elementor-widget-wrap elementor-element-populated\">\n\t\t\t\t\t\t\t\t<div class=\"elementor-element elementor-element-ed93629 elementor-cta--skin-cover elementor-cta--valign-bottom elementor-bg-transform elementor-bg-transform-zoom-in elementor-widget elementor-widget-call-to-action\" data-id=\"ed93629\" data-element_type=\"widget\" data-widget_type=\"call-to-action.default\">\n\t\t\t\t<div class=\"elementor-widget-container\">\n\t\t\t\t\t<a class=\"elementor-cta\" data-e-bg-lazyload=\".elementor-bg\" href=\"https:\/\/banahillsgolf.com\/wp-content\/uploads\/2023\/01\/Ba-Na-Hills-Golf-Club_Score-Card.pdf\" target=\"_blank\">\n\t\t\t\t\t<div class=\"elementor-cta__bg-wrapper\">\n\t\t\t\t<div class=\"elementor-cta__bg elementor-bg\" style=\"background-image: var(--e-bg-lazyload-loaded); --e-bg-lazyload: url(https:\/\/banahillsgolf.com\/wp-content\/uploads\/2023\/01\/6f706b67-golf-scorecard.jpg);\" role=\"img\" aria-label=\"6f706b67-golf-scorecard\"><\/div>\n\t\t\t\t<div class=\"elementor-cta__bg-overlay\"><\/div>\n\t\t\t<\/div>\n\t\t\t\t\t\t\t<div class=\"elementor-cta__content\">\n\t\t\t\t\n\t\t\t\t<h2 class=\"elementor-cta__title elementor-cta__content-item elementor-content-item\">Phi\u1ebfu ghi \u0111i\u1ec3m<\/h2>\n\t\t\t\t\n\t\t\t\t\t\t\t<\/div>\n\t\t\t\t\t\t<\/a>\n\t\t\t\t<\/div>\n\t\t\t\t<\/div>\n\t\t\t\t\t<\/div>\n\t\t<\/div>\n\t\t\t\t<div class=\"elementor-column elementor-col-33 elementor-top-column elementor-element elementor-element-ef4f042\" data-id=\"ef4f042\" data-element_type=\"column\">\n\t\t\t<div class=\"elementor-widget-wrap elementor-element-populated\">\n\t\t\t\t\t\t\t\t<div class=\"elementor-element elementor-element-7d9baef elementor-cta--skin-cover elementor-cta--valign-bottom elementor-bg-transform elementor-bg-transform-zoom-in elementor-widget elementor-widget-call-to-action\" data-id=\"7d9baef\" data-element_type=\"widget\" data-widget_type=\"call-to-action.default\">\n\t\t\t\t<div class=\"elementor-widget-container\">\n\t\t\t\t\t<a class=\"elementor-cta\" data-e-bg-lazyload=\".elementor-bg\" href=\"https:\/\/banahillsgolf.com\/vi\/ho-so-1-18\/\">\n\t\t\t\t\t<div class=\"elementor-cta__bg-wrapper\">\n\t\t\t\t<div class=\"elementor-cta__bg elementor-bg\" style=\"background-image: var(--e-bg-lazyload-loaded); --e-bg-lazyload: url(https:\/\/banahillsgolf.com\/wp-content\/uploads\/2023\/01\/BNH_Staff_03_HR.jpg);\" role=\"img\" aria-label=\"BNH_Staff_03_HR\"><\/div>\n\t\t\t\t<div class=\"elementor-cta__bg-overlay\"><\/div>\n\t\t\t<\/div>\n\t\t\t\t\t\t\t<div class=\"elementor-cta__content\">\n\t\t\t\t\n\t\t\t\t<h2 class=\"elementor-cta__title elementor-cta__content-item elementor-content-item\">Gi\u1edbi thi\u1ec7u s\u00e2n<\/h2>\n\t\t\t\t\n\t\t\t\t\t\t\t<\/div>\n\t\t\t\t\t\t<\/a>\n\t\t\t\t<\/div>\n\t\t\t\t<\/div>\n\t\t\t\t\t<\/div>\n\t\t<\/div>\n\t\t\t\t\t\t\t<\/div>\n\t\t<\/section>\n\t\t\t\t\t\t\t<\/div>\n\t\t","protected":false},"excerpt":{"rendered":"<p>T\u1ed4NG QUAN V\u1ec0 S\u00c2N L\u00e0 c\u1eeda ng\u00f5 l\u00ean n\u00fai B\u00e0 N\u00e0 h\u00f9ng v\u0129, B\u00e0 N\u00e0 Hills Golf Club t\u1ef1a nh\u01b0 m\u1ed9t thi\u00ean \u0111\u01b0\u1eddng th\u1ef1c th\u1ee5 cho gi\u1edbi m\u1ed9 \u0111i\u1ec7u golf v\u00e0 nh\u1eefng ai y\u00eau th\u00edch thi\u00ean nhi\u00ean. \u0110\u1ebfn \u0111\u00e2y, qu\u00fd kh\u00e1ch s\u1ebd c\u00f3 c\u01a1 h\u1ed9i \u0111\u01b0\u1ee3c chi\u00eam ng\u01b0\u1ee1ng v\u00e0 tr\u1ea3i nghi\u1ec7m \u201cS\u00e2n g\u00f4n t\u1ed1t nh\u1ea5t [&hellip;]<\/p>\n","protected":false},"author":1,"featured_media":0,"parent":0,"menu_order":0,"comment_status":"closed","ping_status":"closed","template":"","meta":{"om_disable_all_campaigns":false,"_monsterinsights_skip_tracking":false,"_monsterinsights_sitenote_active":false,"_monsterinsights_sitenote_note":"","_monsterinsights_sitenote_category":0,"footnotes":""},"class_list":["post-1816","page","type-page","status-publish","hentry"],"aioseo_notices":[],"_links":{"self":[{"href":"https:\/\/banahillsgolf.com\/vi\/wp-json\/wp\/v2\/pages\/1816","targetHints":{"allow":["GET"]}}],"collection":[{"href":"https:\/\/banahillsgolf.com\/vi\/wp-json\/wp\/v2\/pages"}],"about":[{"href":"https:\/\/banahillsgolf.com\/vi\/wp-json\/wp\/v2\/types\/page"}],"author":[{"embeddable":true,"href":"https:\/\/banahillsgolf.com\/vi\/wp-json\/wp\/v2\/users\/1"}],"replies":[{"embeddable":true,"href":"https:\/\/banahillsgolf.com\/vi\/wp-json\/wp\/v2\/comments?post=1816"}],"version-history":[{"count":24,"href":"https:\/\/banahillsgolf.com\/vi\/wp-json\/wp\/v2\/pages\/1816\/revisions"}],"predecessor-version":[{"id":7150,"href":"https:\/\/banahillsgolf.com\/vi\/wp-json\/wp\/v2\/pages\/1816\/revisions\/7150"}],"wp:attachment":[{"href":"https:\/\/banahillsgolf.com\/vi\/wp-json\/wp\/v2\/media?parent=1816"}],"curies":[{"name":"wp","href":"https:\/\/api.w.org\/{rel}","templated":true}]}}