{"id":2102,"date":"2022-12-21T14:03:06","date_gmt":"2022-12-21T14:03:06","guid":{"rendered":"https:\/\/banahills.weavingwebs.co.uk\/the-designer\/"},"modified":"2023-04-05T10:27:10","modified_gmt":"2023-04-05T10:27:10","slug":"nha-thiet-ke-tai-ba","status":"publish","type":"page","link":"https:\/\/banahillsgolf.com\/vi\/nha-thiet-ke-tai-ba\/","title":{"rendered":"Nh\u00e0 thi\u1ebft k\u1ebf t\u00e0i ba"},"content":{"rendered":"\t\t<div data-elementor-type=\"wp-page\" data-elementor-id=\"2102\" class=\"elementor elementor-2102 elementor-223\">\n\t\t\t\t\t\t\t\t\t<section class=\"elementor-section elementor-top-section elementor-element elementor-element-00dbdef elementor-section-full_width elementor-section-height-default elementor-section-height-default\" data-id=\"00dbdef\" data-element_type=\"section\">\n\t\t\t\t\t\t<div class=\"elementor-container elementor-column-gap-default\">\n\t\t\t\t\t<div data-dce-background-image-url=\"https:\/\/banahillsgolf.com\/wp-content\/uploads\/2023\/02\/BlE236Xw.jpg\" class=\"elementor-column elementor-col-66 elementor-top-column elementor-element elementor-element-37c7fd5\" data-id=\"37c7fd5\" data-element_type=\"column\" data-settings=\"{&quot;background_background&quot;:&quot;classic&quot;}\" data-e-bg-lazyload=\".elementor-element-populated\">\n\t\t\t<div class=\"elementor-widget-wrap elementor-element-populated\">\n\t\t\t\t\t\t\t\t<div class=\"elementor-element elementor-element-14673bf elementor-widget elementor-widget-spacer\" data-id=\"14673bf\" data-element_type=\"widget\" data-widget_type=\"spacer.default\">\n\t\t\t\t<div class=\"elementor-widget-container\">\n\t\t\t<style>\/*! elementor - v3.13.3 - 28-05-2023 *\/\n.elementor-column .elementor-spacer-inner{height:var(--spacer-size)}.e-con{--container-widget-width:100%}.e-con-inner>.elementor-widget-spacer,.e-con>.elementor-widget-spacer{width:var(--container-widget-width,var(--spacer-size));--align-self:var(--container-widget-align-self,initial);--flex-shrink:0}.e-con-inner>.elementor-widget-spacer>.elementor-widget-container,.e-con-inner>.elementor-widget-spacer>.elementor-widget-container>.elementor-spacer,.e-con>.elementor-widget-spacer>.elementor-widget-container,.e-con>.elementor-widget-spacer>.elementor-widget-container>.elementor-spacer{height:100%}.e-con-inner>.elementor-widget-spacer>.elementor-widget-container>.elementor-spacer>.elementor-spacer-inner,.e-con>.elementor-widget-spacer>.elementor-widget-container>.elementor-spacer>.elementor-spacer-inner{height:var(--container-widget-height,var(--spacer-size))}<\/style>\t\t<div class=\"elementor-spacer\">\n\t\t\t<div class=\"elementor-spacer-inner\"><\/div>\n\t\t<\/div>\n\t\t\t\t<\/div>\n\t\t\t\t<\/div>\n\t\t\t\t\t<\/div>\n\t\t<\/div>\n\t\t\t\t<div class=\"elementor-column elementor-col-33 elementor-top-column elementor-element elementor-element-f331552\" data-id=\"f331552\" data-element_type=\"column\">\n\t\t\t<div class=\"elementor-widget-wrap elementor-element-populated\">\n\t\t\t\t\t\t\t\t<div class=\"elementor-element elementor-element-99c2abf elementor-widget elementor-widget-heading\" data-id=\"99c2abf\" data-element_type=\"widget\" data-widget_type=\"heading.default\">\n\t\t\t\t<div class=\"elementor-widget-container\">\n\t\t\t<style>\/*! elementor - v3.13.3 - 28-05-2023 *\/\n.elementor-heading-title{padding:0;margin:0;line-height:1}.elementor-widget-heading .elementor-heading-title[class*=elementor-size-]>a{color:inherit;font-size:inherit;line-height:inherit}.elementor-widget-heading .elementor-heading-title.elementor-size-small{font-size:15px}.elementor-widget-heading .elementor-heading-title.elementor-size-medium{font-size:19px}.elementor-widget-heading .elementor-heading-title.elementor-size-large{font-size:29px}.elementor-widget-heading .elementor-heading-title.elementor-size-xl{font-size:39px}.elementor-widget-heading .elementor-heading-title.elementor-size-xxl{font-size:59px}<\/style><h1 class=\"elementor-heading-title elementor-size-default\">Nh\u00e0 thi\u1ebft k\u1ebf t\u00e0i ba<\/h1>\t\t<\/div>\n\t\t\t\t<\/div>\n\t\t\t\t<div class=\"elementor-element elementor-element-c98b21c elementor-widget elementor-widget-heading\" data-id=\"c98b21c\" data-element_type=\"widget\" data-widget_type=\"heading.default\">\n\t\t\t\t<div class=\"elementor-widget-container\">\n\t\t\t<h6 class=\"elementor-heading-title elementor-size-default\">B\u00e0 N\u00e0 Hills Golf Club<\/h6>\t\t<\/div>\n\t\t\t\t<\/div>\n\t\t\t\t<div class=\"elementor-element elementor-element-1413cb5 elementor-widget elementor-widget-text-editor\" data-id=\"1413cb5\" data-element_type=\"widget\" data-widget_type=\"text-editor.default\">\n\t\t\t\t<div class=\"elementor-widget-container\">\n\t\t\t<style>\/*! elementor - v3.13.3 - 28-05-2023 *\/\n.elementor-widget-text-editor.elementor-drop-cap-view-stacked .elementor-drop-cap{background-color:#69727d;color:#fff}.elementor-widget-text-editor.elementor-drop-cap-view-framed .elementor-drop-cap{color:#69727d;border:3px solid;background-color:transparent}.elementor-widget-text-editor:not(.elementor-drop-cap-view-default) .elementor-drop-cap{margin-top:8px}.elementor-widget-text-editor:not(.elementor-drop-cap-view-default) .elementor-drop-cap-letter{width:1em;height:1em}.elementor-widget-text-editor .elementor-drop-cap{float:left;text-align:center;line-height:1;font-size:50px}.elementor-widget-text-editor .elementor-drop-cap-letter{display:inline-block}<\/style>\t\t\t\t<p>B\u00e0 N\u00e0 Hills Golf Club l\u00e0 thi\u1ebft k\u1ebf \u0111\u1ea7u tay v\u00e0 duy nh\u1ea5t c\u1ee7a \u0111\u1ed9i tr\u01b0\u1edfng tuy\u1ec3n ch\u00e2u \u00c2u t\u1ea1i gi\u1ea3i Ryder Cup 2023 \u2013 Luke Donald.<\/p>\n<p>\u00d4ng \u1ea5y \u0111\u01b0\u1ee3c bi\u1ebft \u0111\u1ebfn nh\u01b0 l\u00e0 m\u1ed9t qu\u00fd \u00f4ng \u0111\u00edch th\u1ef1c tr\u00ean s\u00e2n. Luke Donald \u0111\u1ea1i di\u1ec7n ch\u00e2u \u00c2u tham d\u1ef1 4 gi\u1ea3i Ryder Cup v\u00e0 gi\u00e0nh chi\u1ebfn th\u1eafng t\u1ea1i 16 gi\u1ea3i \u0111\u1ea5u golf kh\u1eafp th\u1ebf gi\u1edbi, ti\u00eau bi\u1ec3u l\u00e0 5 l\u1ea7n v\u00f4 \u0111\u1ecbch gi\u1ea3i PGA Tour. N\u0103m 2011, \u00f4ng gi\u1eef v\u1ecb tr\u00ed s\u1ed1 1 trong B\u1ea3ng x\u1ebfp h\u1ea1ng Th\u1ebf gi\u1edbi, ghi d\u1ea5u \u1ea5n l\u1ecbch s\u1eed khi l\u00e0 g\u00f4n th\u1ee7 \u0111\u1ea7u ti\u00ean gi\u00e0nh \u0111\u01b0\u1ee3c v\u1ecb tr\u00ed \u0111\u1ea7u b\u1ea3ng t\u1ea1i c\u1ea3 hai gi\u1ea3i \u0111\u1ea5u h\u00e0ng \u0111\u1ea7u PGA Tour v\u00e0 European Tour trong c\u00f9ng m\u1ed9t m\u00f9a gi\u1ea3i. \u0110\u1ed3ng th\u1eddi, \u00f4ng c\u0169ng xu\u1ea5t s\u1eafc gi\u00e0nh danh hi\u1ec7u G\u00f4n Th\u1ee7 C\u1ee7a N\u0103m t\u1ea1i c\u1ea3 hai gi\u1ea3i \u0111\u1ea5u tr\u00ean. <\/p>\n<h3>\n            <strong>\u201cXin ch\u00e0o, t\u00f4i l\u00e0 Luke Donald.<\/strong><br \/>\n          <\/h3>\n<p><em> <\/em><span style=\"font-family: var( --e-global-typography-text-font-family ), Sans-serif; font-weight: var( --e-global-typography-text-font-weight ); color: var( --e-global-color-text );\">Xin ch\u00e0o B\u00e0 N\u00e0 Hills Golf Club, \u0110\u00e0 N\u1eb5ng, Vi\u1ec7t Nam.<em style=\"font-family: var( --e-global-typography-text-font-family ), Sans-serif; font-weight: var( --e-global-typography-text-font-weight ); color: var( --e-global-color-text );\"><\/em><\/span><\/p>\n<p>\n            <em>T\u00f4i v\u00f4 c\u00f9ng t\u1ef1 h\u00e0o v\u1ec1 B\u00e0 N\u00e0 Hills Golf Club, t\u00e1c ph\u1ea9m \u0111\u1ea7u tay c\u1ee7a t\u00f4i \u0111\u01b0\u1ee3c thi\u1ebft k\u1ebf d\u1ef1a tr\u00ean vi\u1ec7c t\u1eadn d\u1ee5ng \u0111\u1ecba h\u00ecnh \u0111\u1ed9c \u0111\u00e1o v\u00e0 c\u1ea3nh quan t\u1ef1 nhi\u00ean ngo\u1ea1n m\u1ee5c m\u1ed9t c\u00e1ch kh\u00e9o l\u00e9o. B\u00e0 N\u00e0 Hills Golf Club l\u00e0 m\u1ed9t s\u00e2n g\u00f4n kh\u00f3 nh\u01b0ng kh\u00f4ng k\u00e9m ph\u1ea7n th\u00fa v\u1ecb \u0111\u1ec3 tr\u1ea3i nghi\u1ec7m. G\u00ecn gi\u1eef c\u1ea3nh quan v\u00e0 m\u00f4i tr\u01b0\u1eddng t\u1ef1 nhi\u00ean l\u00e0 m\u1ed9t trong nh\u1eefng m\u1ee5c ti\u00eau h\u00e0ng \u0111\u1ea7u c\u1ee7a ch\u00fang t\u00f4i khi thi\u1ebft k\u1ebf n\u00ean s\u00e2n g\u00f4n n\u00e0y.<\/em>\n          <\/p>\n<p>\n            <em>S\u1ef1 c\u00f4ng nh\u1eadn to\u00e0n c\u1ea7u t\u1ea1i gi\u1ea3i th\u01b0\u1edfng danh gi\u00e1 World Golf Awards v\u1edbi hai danh hi\u1ec7u \u201cS\u00e2n g\u00f4n m\u1edbi t\u1ed1t nh\u1ea5t Th\u1ebf gi\u1edbi\u201d n\u0103m 2016 v\u00e0 \u201cS\u00e2n g\u00f4n t\u1ed1t nh\u1ea5t Vi\u1ec7t Nam\u201d 6 n\u0103m li\u00ean ti\u1ebfp l\u00e0 minh ch\u1ee9ng thuy\u1ebft ph\u1ee5c nh\u1ea5t cho s\u1ef1 \u0111\u1eb3ng c\u1ea5p, chuy\u00ean nghi\u1ec7p c\u1ee7a \u0111\u1ed9i ng\u0169 B\u00e0 N\u00e0 Hills Golf Club.<\/em>\n          <\/p>\n<p>H\u00e3y \u0111\u1ec3 B\u00e0 N\u00e0 Hills Golf Club n\u00e2ng t\u1ea7m tr\u1ea3i nghi\u1ec7m c\u1ee7a b\u1ea1n.\u201d<\/p>\n\t\t\t\t\t\t<\/div>\n\t\t\t\t<\/div>\n\t\t\t\t<div class=\"elementor-element elementor-element-2b622a0 elementor-mobile-align-justify elementor-widget elementor-widget-button\" data-id=\"2b622a0\" data-element_type=\"widget\" data-widget_type=\"button.default\">\n\t\t\t\t<div class=\"elementor-widget-container\">\n\t\t\t\t\t<div class=\"elementor-button-wrapper\">\n\t\t\t<a href=\"#elementor-action%3Aaction%3Dpopup%3Aopen%26settings%3DeyJpZCI6MjE0NSwidG9nZ2xlIjpmYWxzZX0%3D\" class=\"elementor-button-link elementor-button elementor-size-sm\" role=\"button\">\n\t\t\t\t\t\t<span class=\"elementor-button-content-wrapper\">\n\t\t\t\t\t\t<span class=\"elementor-button-text\">L\u1eddi ch\u00e0o t\u1eeb Luke Donald<\/span>\n\t\t<\/span>\n\t\t\t\t\t<\/a>\n\t\t<\/div>\n\t\t\t\t<\/div>\n\t\t\t\t<\/div>\n\t\t\t\t\t<\/div>\n\t\t<\/div>\n\t\t\t\t\t\t\t<\/div>\n\t\t<\/section>\n\t\t\t\t<section class=\"elementor-section elementor-top-section elementor-element elementor-element-4245e09 elementor-section-boxed elementor-section-height-default elementor-section-height-default\" data-id=\"4245e09\" data-element_type=\"section\" data-settings=\"{&quot;background_background&quot;:&quot;classic&quot;}\">\n\t\t\t\t\t\t<div class=\"elementor-container elementor-column-gap-default\">\n\t\t\t\t\t<div class=\"elementor-column elementor-col-33 elementor-top-column elementor-element elementor-element-2c4788f\" data-id=\"2c4788f\" data-element_type=\"column\">\n\t\t\t<div class=\"elementor-widget-wrap elementor-element-populated\">\n\t\t\t\t\t\t\t\t<div class=\"elementor-element elementor-element-ca14846 elementor-widget elementor-widget-counter\" data-id=\"ca14846\" data-element_type=\"widget\" data-widget_type=\"counter.default\">\n\t\t\t\t<div class=\"elementor-widget-container\">\n\t\t\t<style>\/*! elementor - v3.13.3 - 28-05-2023 *\/\n.elementor-counter .elementor-counter-number-wrapper{display:flex;font-size:69px;font-weight:600;line-height:1}.elementor-counter .elementor-counter-number-prefix,.elementor-counter .elementor-counter-number-suffix{flex-grow:1;white-space:pre-wrap}.elementor-counter .elementor-counter-number-prefix{text-align:right}.elementor-counter .elementor-counter-number-suffix{text-align:left}.elementor-counter .elementor-counter-title{text-align:center;font-size:19px;font-weight:400;line-height:2.5}<\/style>\t\t<div class=\"elementor-counter\">\n\t\t\t<div class=\"elementor-counter-number-wrapper\">\n\t\t\t\t<span class=\"elementor-counter-number-prefix\"><\/span>\n\t\t\t\t<span class=\"elementor-counter-number\" data-duration=\"2000\" data-to-value=\"1\" data-from-value=\"1\" data-delimiter=\",\">1<\/span>\n\t\t\t\t<span class=\"elementor-counter-number-suffix\"><\/span>\n\t\t\t<\/div>\n\t\t\t\t\t\t\t<div class=\"elementor-counter-title\">C\u1ef1u g\u00f4n th\u1ee7 s\u1ed1 1 Th\u1ebf gi\u1edbi<\/div>\n\t\t\t\t\t<\/div>\n\t\t\t\t<\/div>\n\t\t\t\t<\/div>\n\t\t\t\t\t<\/div>\n\t\t<\/div>\n\t\t\t\t<div class=\"elementor-column elementor-col-33 elementor-top-column elementor-element elementor-element-d8bbf4e\" data-id=\"d8bbf4e\" data-element_type=\"column\">\n\t\t\t<div class=\"elementor-widget-wrap elementor-element-populated\">\n\t\t\t\t\t\t\t\t<div class=\"elementor-element elementor-element-d344b2a elementor-widget elementor-widget-counter\" data-id=\"d344b2a\" data-element_type=\"widget\" data-widget_type=\"counter.default\">\n\t\t\t\t<div class=\"elementor-widget-container\">\n\t\t\t\t\t<div class=\"elementor-counter\">\n\t\t\t<div class=\"elementor-counter-number-wrapper\">\n\t\t\t\t<span class=\"elementor-counter-number-prefix\"><\/span>\n\t\t\t\t<span class=\"elementor-counter-number\" data-duration=\"2000\" data-to-value=\"17\" data-from-value=\"0\" data-delimiter=\",\">0<\/span>\n\t\t\t\t<span class=\"elementor-counter-number-suffix\"><\/span>\n\t\t\t<\/div>\n\t\t\t\t\t\t\t<div class=\"elementor-counter-title\">S\u1ed1 l\u1ea7n v\u00f4 \u0111\u1ecbch c\u00e1c gi\u1ea3i \u0111\u1ea5u chuy\u00ean nghi\u1ec7p<\/div>\n\t\t\t\t\t<\/div>\n\t\t\t\t<\/div>\n\t\t\t\t<\/div>\n\t\t\t\t\t<\/div>\n\t\t<\/div>\n\t\t\t\t<div class=\"elementor-column elementor-col-33 elementor-top-column elementor-element elementor-element-bb3a04e\" data-id=\"bb3a04e\" data-element_type=\"column\">\n\t\t\t<div class=\"elementor-widget-wrap elementor-element-populated\">\n\t\t\t\t\t\t\t\t<div class=\"elementor-element elementor-element-f3c6d09 elementor-widget elementor-widget-counter\" data-id=\"f3c6d09\" data-element_type=\"widget\" data-widget_type=\"counter.default\">\n\t\t\t\t<div class=\"elementor-widget-container\">\n\t\t\t\t\t<div class=\"elementor-counter\">\n\t\t\t<div class=\"elementor-counter-number-wrapper\">\n\t\t\t\t<span class=\"elementor-counter-number-prefix\"><\/span>\n\t\t\t\t<span class=\"elementor-counter-number\" data-duration=\"2000\" data-to-value=\"4\" data-from-value=\"0\" data-delimiter=\",\">0<\/span>\n\t\t\t\t<span class=\"elementor-counter-number-suffix\"><\/span>\n\t\t\t<\/div>\n\t\t\t\t\t\t\t<div class=\"elementor-counter-title\">S\u1ed1 l\u1ea7n tham d\u1ef1 Ryder Cup<\/div>\n\t\t\t\t\t<\/div>\n\t\t\t\t<\/div>\n\t\t\t\t<\/div>\n\t\t\t\t\t<\/div>\n\t\t<\/div>\n\t\t\t\t\t\t\t<\/div>\n\t\t<\/section>\n\t\t\t\t<section class=\"elementor-section elementor-top-section elementor-element elementor-element-b75b616 elementor-section-full_width elementor-section-height-default elementor-section-height-default\" data-id=\"b75b616\" data-element_type=\"section\">\n\t\t\t\t\t\t<div class=\"elementor-container elementor-column-gap-default\">\n\t\t\t\t\t<div class=\"elementor-column elementor-col-33 elementor-top-column elementor-element elementor-element-9d54b5c\" data-id=\"9d54b5c\" data-element_type=\"column\" data-settings=\"{&quot;background_background&quot;:&quot;classic&quot;}\">\n\t\t\t<div class=\"elementor-widget-wrap elementor-element-populated\">\n\t\t\t\t\t\t\t\t<div class=\"elementor-element elementor-element-ee70372 elementor-widget elementor-widget-text-editor\" data-id=\"ee70372\" data-element_type=\"widget\" data-widget_type=\"text-editor.default\">\n\t\t\t\t<div class=\"elementor-widget-container\">\n\t\t\t\t\t\t\t<p>\u201cThi\u1ebft k\u1ebf s\u00e2n g\u00f4n \u0111\u1ea7u tay t\u1ea1i B\u00e0 N\u00e0 Hills qu\u1ea3 l\u00e0 m\u1ed9t c\u01a1 h\u1ed9i tuy\u1ec7t v\u1eddi \u0111\u1ed1i v\u1edbi t\u00f4i. Ph\u1ea3i n\u00f3i r\u1eb1ng, s\u00e2n g\u00f4n c\u00f3 v\u1ecb tr\u00ed r\u1ea5t thu\u1eadn l\u1ee3i, c\u00f3 s\u1ef1 thay \u0111\u1ed5i \u0111\u1ed9 cao \u0111\u1ecba h\u00ecnh \u0111a d\u1ea1ng c\u00f9ng \u0111\u1eb7c \u0111i\u1ec3m t\u1ef1 nhi\u00ean s\u1eb5n c\u00f3 nh\u01b0 nh\u1eefng h\u00e0ng c\u00e2y l\u1edbn, nh\u1eefng con su\u1ed1i th\u01a1 m\u1ed9ng hay c\u1ea3nh n\u00fai non h\u00f9ng v\u0129.\u201d<\/p>\n\t\t\t\t\t\t<\/div>\n\t\t\t\t<\/div>\n\t\t\t\t<div class=\"elementor-element elementor-element-0f7150c elementor-widget elementor-widget-heading\" data-id=\"0f7150c\" data-element_type=\"widget\" data-widget_type=\"heading.default\">\n\t\t\t\t<div class=\"elementor-widget-container\">\n\t\t\t<h6 class=\"elementor-heading-title elementor-size-default\">Luke Donald<\/h6>\t\t<\/div>\n\t\t\t\t<\/div>\n\t\t\t\t\t<\/div>\n\t\t<\/div>\n\t\t\t\t<div data-dce-background-image-url=\"https:\/\/banahillsgolf.com\/wp-content\/uploads\/2022\/12\/bnh-aerial-02.jpg\" class=\"elementor-column elementor-col-66 elementor-top-column elementor-element elementor-element-0cca627\" data-id=\"0cca627\" data-element_type=\"column\" data-settings=\"{&quot;background_background&quot;:&quot;classic&quot;}\" data-e-bg-lazyload=\".elementor-element-populated\">\n\t\t\t<div class=\"elementor-widget-wrap elementor-element-populated\">\n\t\t\t\t\t\t\t\t<div class=\"elementor-element elementor-element-74a83f9 elementor-widget elementor-widget-spacer\" data-id=\"74a83f9\" data-element_type=\"widget\" data-widget_type=\"spacer.default\">\n\t\t\t\t<div class=\"elementor-widget-container\">\n\t\t\t\t\t<div class=\"elementor-spacer\">\n\t\t\t<div class=\"elementor-spacer-inner\"><\/div>\n\t\t<\/div>\n\t\t\t\t<\/div>\n\t\t\t\t<\/div>\n\t\t\t\t\t<\/div>\n\t\t<\/div>\n\t\t\t\t\t\t\t<\/div>\n\t\t<\/section>\n\t\t\t\t\t\t\t<\/div>\n\t\t","protected":false},"excerpt":{"rendered":"<p>Nh\u00e0 thi\u1ebft k\u1ebf t\u00e0i ba B\u00e0 N\u00e0 Hills Golf Club B\u00e0 N\u00e0 Hills Golf Club l\u00e0 thi\u1ebft k\u1ebf \u0111\u1ea7u tay v\u00e0 duy nh\u1ea5t c\u1ee7a \u0111\u1ed9i tr\u01b0\u1edfng tuy\u1ec3n ch\u00e2u \u00c2u t\u1ea1i gi\u1ea3i Ryder Cup 2023 \u2013 Luke Donald. \u00d4ng \u1ea5y \u0111\u01b0\u1ee3c bi\u1ebft \u0111\u1ebfn nh\u01b0 l\u00e0 m\u1ed9t qu\u00fd \u00f4ng \u0111\u00edch th\u1ef1c tr\u00ean s\u00e2n. Luke Donald \u0111\u1ea1i di\u1ec7n [&hellip;]<\/p>\n","protected":false},"author":1,"featured_media":0,"parent":0,"menu_order":0,"comment_status":"closed","ping_status":"closed","template":"","meta":{"om_disable_all_campaigns":false,"_monsterinsights_skip_tracking":false,"_monsterinsights_sitenote_active":false,"_monsterinsights_sitenote_note":"","_monsterinsights_sitenote_category":0,"footnotes":""},"class_list":["post-2102","page","type-page","status-publish","hentry"],"aioseo_notices":[],"_links":{"self":[{"href":"https:\/\/banahillsgolf.com\/vi\/wp-json\/wp\/v2\/pages\/2102","targetHints":{"allow":["GET"]}}],"collection":[{"href":"https:\/\/banahillsgolf.com\/vi\/wp-json\/wp\/v2\/pages"}],"about":[{"href":"https:\/\/banahillsgolf.com\/vi\/wp-json\/wp\/v2\/types\/page"}],"author":[{"embeddable":true,"href":"https:\/\/banahillsgolf.com\/vi\/wp-json\/wp\/v2\/users\/1"}],"replies":[{"embeddable":true,"href":"https:\/\/banahillsgolf.com\/vi\/wp-json\/wp\/v2\/comments?post=2102"}],"version-history":[{"count":8,"href":"https:\/\/banahillsgolf.com\/vi\/wp-json\/wp\/v2\/pages\/2102\/revisions"}],"predecessor-version":[{"id":2532,"href":"https:\/\/banahillsgolf.com\/vi\/wp-json\/wp\/v2\/pages\/2102\/revisions\/2532"}],"wp:attachment":[{"href":"https:\/\/banahillsgolf.com\/vi\/wp-json\/wp\/v2\/media?parent=2102"}],"curies":[{"name":"wp","href":"https:\/\/api.w.org\/{rel}","templated":true}]}}