{"id":2108,"date":"2023-01-16T12:35:42","date_gmt":"2023-01-16T12:35:42","guid":{"rendered":"https:\/\/banahills.weavingwebs.co.uk\/accommodation\/"},"modified":"2026-02-25T08:00:57","modified_gmt":"2026-02-25T08:00:57","slug":"dich-vu-luu-tru","status":"publish","type":"page","link":"https:\/\/banahillsgolf.com\/vi\/dich-vu-luu-tru\/","title":{"rendered":"D\u1ecbch v\u1ee5 l\u01b0u tr\u00fa"},"content":{"rendered":"\t\t<div data-elementor-type=\"wp-page\" data-elementor-id=\"2108\" class=\"elementor elementor-2108 elementor-720\">\n\t\t\t\t\t\t\t\t\t<section class=\"elementor-section elementor-top-section elementor-element elementor-element-1eac957 elementor-section-full_width elementor-section-height-default elementor-section-height-default\" data-id=\"1eac957\" data-element_type=\"section\">\n\t\t\t\t\t\t<div class=\"elementor-container elementor-column-gap-default\">\n\t\t\t\t\t<div class=\"elementor-column elementor-col-100 elementor-top-column elementor-element elementor-element-9383a41\" data-id=\"9383a41\" data-element_type=\"column\">\n\t\t\t<div class=\"elementor-widget-wrap elementor-element-populated\">\n\t\t\t\t\t\t\t\t<div class=\"elementor-element elementor-element-50e9209 elementor-widget elementor-widget-heading\" data-id=\"50e9209\" data-element_type=\"widget\" data-widget_type=\"heading.default\">\n\t\t\t\t<div class=\"elementor-widget-container\">\n\t\t\t<style>\/*! elementor - v3.13.3 - 28-05-2023 *\/\n.elementor-heading-title{padding:0;margin:0;line-height:1}.elementor-widget-heading .elementor-heading-title[class*=elementor-size-]>a{color:inherit;font-size:inherit;line-height:inherit}.elementor-widget-heading .elementor-heading-title.elementor-size-small{font-size:15px}.elementor-widget-heading .elementor-heading-title.elementor-size-medium{font-size:19px}.elementor-widget-heading .elementor-heading-title.elementor-size-large{font-size:29px}.elementor-widget-heading .elementor-heading-title.elementor-size-xl{font-size:39px}.elementor-widget-heading .elementor-heading-title.elementor-size-xxl{font-size:59px}<\/style><h1 class=\"elementor-heading-title elementor-size-default\">L\u01b0u tr\u00fa v\u00e0 \u01b0u \u0111\u00e3i<\/h1>\t\t<\/div>\n\t\t\t\t<\/div>\n\t\t\t\t\t<\/div>\n\t\t<\/div>\n\t\t\t\t\t\t\t<\/div>\n\t\t<\/section>\n\t\t\t\t<section class=\"elementor-section elementor-top-section elementor-element elementor-element-ba75534 elementor-section-full_width elementor-section-content-middle elementor-section-height-default elementor-section-height-default\" data-id=\"ba75534\" data-element_type=\"section\">\n\t\t\t\t\t\t<div class=\"elementor-container elementor-column-gap-no\">\n\t\t\t\t\t<div data-dce-background-overlay-color=\"#000000\" data-dce-background-image-url=\"https:\/\/banahillsgolf.com\/wp-content\/uploads\/2025\/05\/3.-Views-from-Heaven-scaled.jpg\" class=\"elementor-column elementor-col-50 elementor-top-column elementor-element elementor-element-f04ab9e\" data-id=\"f04ab9e\" data-element_type=\"column\" data-settings=\"{&quot;background_background&quot;:&quot;classic&quot;}\" data-e-bg-lazyload=\".elementor-element-populated\">\n\t\t\t<div class=\"elementor-widget-wrap elementor-element-populated\">\n\t\t\t\t\t<div class=\"elementor-background-overlay\"><\/div>\n\t\t\t\t\t\t\t\t<div class=\"elementor-element elementor-element-c89fcef dce_masking-none elementor-widget elementor-widget-image\" data-id=\"c89fcef\" data-element_type=\"widget\" data-widget_type=\"image.default\">\n\t\t\t\t<div class=\"elementor-widget-container\">\n\t\t\t<style>\/*! elementor - v3.13.3 - 28-05-2023 *\/\n.elementor-widget-image{text-align:center}.elementor-widget-image a{display:inline-block}.elementor-widget-image a img[src$=\".svg\"]{width:48px}.elementor-widget-image img{vertical-align:middle;display:inline-block}<\/style>\t\t\t\t\t\t\t\t\t\t\t\t<img loading=\"lazy\" decoding=\"async\" width=\"800\" height=\"564\" src=\"https:\/\/banahillsgolf.com\/wp-content\/uploads\/2025\/05\/Logo-ICDN-white-01-1024x722.png\" class=\"attachment-large size-large wp-image-5534\" alt=\"\" srcset=\"https:\/\/banahillsgolf.com\/wp-content\/uploads\/2025\/05\/Logo-ICDN-white-01-1024x722.png 1024w, https:\/\/banahillsgolf.com\/wp-content\/uploads\/2025\/05\/Logo-ICDN-white-01-300x212.png 300w, https:\/\/banahillsgolf.com\/wp-content\/uploads\/2025\/05\/Logo-ICDN-white-01-768x541.png 768w, https:\/\/banahillsgolf.com\/wp-content\/uploads\/2025\/05\/Logo-ICDN-white-01.png 1241w\" sizes=\"auto, (max-width: 800px) 100vw, 800px\" \/>\t\t\t\t\t\t\t\t\t\t\t\t\t\t\t<\/div>\n\t\t\t\t<\/div>\n\t\t\t\t\t<\/div>\n\t\t<\/div>\n\t\t\t\t<div class=\"elementor-column elementor-col-50 elementor-top-column elementor-element elementor-element-e01037b\" data-id=\"e01037b\" data-element_type=\"column\">\n\t\t\t<div class=\"elementor-widget-wrap elementor-element-populated\">\n\t\t\t\t\t\t\t\t<div class=\"elementor-element elementor-element-c7d977d elementor-widget elementor-widget-heading\" data-id=\"c7d977d\" data-element_type=\"widget\" data-widget_type=\"heading.default\">\n\t\t\t\t<div class=\"elementor-widget-container\">\n\t\t\t<h2 class=\"elementor-heading-title elementor-size-default\">Khu ngh\u1ec9 d\u01b0\u1ee1ng Intercontinental <br>DANANG SUN PENINSULA<\/h2>\t\t<\/div>\n\t\t\t\t<\/div>\n\t\t\t\t<div class=\"elementor-element elementor-element-c2e115c elementor-widget elementor-widget-text-editor\" data-id=\"c2e115c\" data-element_type=\"widget\" data-widget_type=\"text-editor.default\">\n\t\t\t\t<div class=\"elementor-widget-container\">\n\t\t\t<style>\/*! elementor - v3.13.3 - 28-05-2023 *\/\n.elementor-widget-text-editor.elementor-drop-cap-view-stacked .elementor-drop-cap{background-color:#69727d;color:#fff}.elementor-widget-text-editor.elementor-drop-cap-view-framed .elementor-drop-cap{color:#69727d;border:3px solid;background-color:transparent}.elementor-widget-text-editor:not(.elementor-drop-cap-view-default) .elementor-drop-cap{margin-top:8px}.elementor-widget-text-editor:not(.elementor-drop-cap-view-default) .elementor-drop-cap-letter{width:1em;height:1em}.elementor-widget-text-editor .elementor-drop-cap{float:left;text-align:center;line-height:1;font-size:50px}.elementor-widget-text-editor .elementor-drop-cap-letter{display:inline-block}<\/style>\t\t\t\t<p class=\"\" data-start=\"0\" data-end=\"238\">Tr\u1ea3i nghi\u1ec7m nh\u1eefng g\u00ec tuy\u1ec7t v\u1eddi nh\u1ea5t c\u1ee7a Vi\u1ec7t Nam t\u1ea1i <strong data-start=\"53\" data-end=\"101\">InterContinental Danang Sun Peninsula Resort<\/strong> \u2013 khu ngh\u1ec9 d\u01b0\u1ee1ng 5 sao sang tr\u1ecdng, \u0111\u1eb3ng c\u1ea5p qu\u1ed1c t\u1ebf, n\u1eb1m gi\u1eefa khu b\u1ea3o t\u1ed3n thi\u00ean nhi\u00ean b\u00e1n \u0111\u1ea3o S\u01a1n Tr\u00e0 tuy\u1ec7t \u0111\u1eb9p t\u1ea1i th\u00e0nh ph\u1ed1 \u0110\u00e0 N\u1eb5ng.<\/p><p class=\"\" data-start=\"240\" data-end=\"418\">Kh\u00e1m ph\u00e1 tinh hoa v\u0103n h\u00f3a v\u00e0 di s\u1ea3n Vi\u1ec7t Nam qua nh\u1eefng \u0111i\u1ec3m \u0111\u1ebfn n\u1ed5i ti\u1ebfng g\u1ea7n \u0111\u00f3, bao g\u1ed3m c\u00e1c Di s\u1ea3n Th\u1ebf gi\u1edbi \u0111\u01b0\u1ee3c UNESCO c\u00f4ng nh\u1eadn nh\u01b0 <strong data-start=\"376\" data-end=\"393\">Ph\u1ed1 c\u1ed5 H\u1ed9i An<\/strong> v\u00e0 <strong data-start=\"397\" data-end=\"415\">Kinh th\u00e0nh Hu\u1ebf<\/strong>.<\/p><p class=\"\" data-start=\"420\" data-end=\"603\">\u0110\u1eebng b\u1ecf l\u1ee1 c\u01a1 h\u1ed9i t\u1eadn h\u01b0\u1edfng nh\u1eefng gi\u00e2y ph\u00fat \u0111\u00e1ng nh\u1edb t\u1ea1i <strong data-start=\"477\" data-end=\"502\">Ba Na Hills Golf Club<\/strong> \u2013 s\u00e2n golf \u0111\u01b0\u1ee3c vinh danh nhi\u1ec1u nh\u1ea5t Vi\u1ec7t Nam v\u00e0 c\u0169ng l\u00e0 khu ngh\u1ec9 d\u01b0\u1ee1ng sang tr\u1ecdng b\u1eadc nh\u1ea5t \u0110\u00e0 N\u1eb5ng.<\/p>\t\t\t\t\t\t<\/div>\n\t\t\t\t<\/div>\n\t\t\t\t<div class=\"elementor-element elementor-element-404a708 elementor-widget elementor-widget-button\" data-id=\"404a708\" data-element_type=\"widget\" data-widget_type=\"button.default\">\n\t\t\t\t<div class=\"elementor-widget-container\">\n\t\t\t\t\t<div class=\"elementor-button-wrapper\">\n\t\t\t<a href=\"https:\/\/www.danang.intercontinental.com\/vn\/\" class=\"elementor-button-link elementor-button elementor-size-sm\" role=\"button\">\n\t\t\t\t\t\t<span class=\"elementor-button-content-wrapper\">\n\t\t\t\t\t\t<span class=\"elementor-button-text\">Xem th\u00eam<\/span>\n\t\t<\/span>\n\t\t\t\t\t<\/a>\n\t\t<\/div>\n\t\t\t\t<\/div>\n\t\t\t\t<\/div>\n\t\t\t\t\t<\/div>\n\t\t<\/div>\n\t\t\t\t\t\t\t<\/div>\n\t\t<\/section>\n\t\t\t\t<section class=\"elementor-section elementor-top-section elementor-element elementor-element-c05280a elementor-section-full_width elementor-section-content-middle elementor-section-height-default elementor-section-height-default\" data-id=\"c05280a\" data-element_type=\"section\">\n\t\t\t\t\t\t<div class=\"elementor-container elementor-column-gap-no\">\n\t\t\t\t\t<div data-dce-background-overlay-color=\"#000000\" data-dce-background-image-url=\"https:\/\/banahillsgolf.com\/wp-content\/uploads\/2025\/05\/Novotel-Ariel_2.jpg\" class=\"elementor-column elementor-col-50 elementor-top-column elementor-element elementor-element-92d659d\" data-id=\"92d659d\" data-element_type=\"column\" data-settings=\"{&quot;background_background&quot;:&quot;classic&quot;}\" data-e-bg-lazyload=\".elementor-element-populated\">\n\t\t\t<div class=\"elementor-widget-wrap elementor-element-populated\">\n\t\t\t\t\t<div class=\"elementor-background-overlay\"><\/div>\n\t\t\t\t\t\t\t\t<div class=\"elementor-element elementor-element-c6d7882 dce_masking-none elementor-widget elementor-widget-image\" data-id=\"c6d7882\" data-element_type=\"widget\" data-widget_type=\"image.default\">\n\t\t\t\t<div class=\"elementor-widget-container\">\n\t\t\t\t\t\t\t\t\t\t\t\t\t\t\t<img loading=\"lazy\" decoding=\"async\" width=\"800\" height=\"800\" src=\"https:\/\/banahillsgolf.com\/wp-content\/uploads\/2025\/05\/novotel-logo-trang-02-1024x1024.png\" class=\"attachment-large size-large wp-image-5582\" alt=\"\" srcset=\"https:\/\/banahillsgolf.com\/wp-content\/uploads\/2025\/05\/novotel-logo-trang-02-1024x1024.png 1024w, https:\/\/banahillsgolf.com\/wp-content\/uploads\/2025\/05\/novotel-logo-trang-02-300x300.png 300w, https:\/\/banahillsgolf.com\/wp-content\/uploads\/2025\/05\/novotel-logo-trang-02-150x150.png 150w, https:\/\/banahillsgolf.com\/wp-content\/uploads\/2025\/05\/novotel-logo-trang-02-768x768.png 768w, https:\/\/banahillsgolf.com\/wp-content\/uploads\/2025\/05\/novotel-logo-trang-02-1536x1536.png 1536w, https:\/\/banahillsgolf.com\/wp-content\/uploads\/2025\/05\/novotel-logo-trang-02-2048x2048.png 2048w\" sizes=\"auto, (max-width: 800px) 100vw, 800px\" \/>\t\t\t\t\t\t\t\t\t\t\t\t\t\t\t<\/div>\n\t\t\t\t<\/div>\n\t\t\t\t\t<\/div>\n\t\t<\/div>\n\t\t\t\t<div class=\"elementor-column elementor-col-50 elementor-top-column elementor-element elementor-element-4c7512f\" data-id=\"4c7512f\" data-element_type=\"column\">\n\t\t\t<div class=\"elementor-widget-wrap elementor-element-populated\">\n\t\t\t\t\t\t\t\t<div class=\"elementor-element elementor-element-82cbc41 elementor-widget elementor-widget-heading\" data-id=\"82cbc41\" data-element_type=\"widget\" data-widget_type=\"heading.default\">\n\t\t\t\t<div class=\"elementor-widget-container\">\n\t\t\t<h2 class=\"elementor-heading-title elementor-size-default\">kh\u00e1ch s\u1ea1n<br>novotel premier han river<\/h2>\t\t<\/div>\n\t\t\t\t<\/div>\n\t\t\t\t<div class=\"elementor-element elementor-element-3bcbffe elementor-widget elementor-widget-text-editor\" data-id=\"3bcbffe\" data-element_type=\"widget\" data-widget_type=\"text-editor.default\">\n\t\t\t\t<div class=\"elementor-widget-container\">\n\t\t\t\t\t\t\t<article class=\"text-token-text-primary w-full\" dir=\"auto\" data-testid=\"conversation-turn-12\" data-scroll-anchor=\"true\"><div class=\"text-base my-auto mx-auto py-5 [--thread-content-margin:--spacing(4)] @[37rem]:[--thread-content-margin:--spacing(6)] @[72rem]:[--thread-content-margin:--spacing(16)] px-(--thread-content-margin)\"><div class=\"[--thread-content-max-width:32rem] @[34rem]:[--thread-content-max-width:40rem] @[64rem]:[--thread-content-max-width:48rem] mx-auto flex max-w-(--thread-content-max-width) flex-1 text-base gap-4 md:gap-5 lg:gap-6 group\/turn-messages focus-visible:outline-hidden\" tabindex=\"-1\"><div class=\"group\/conversation-turn relative flex w-full min-w-0 flex-col agent-turn\"><div class=\"relative flex-col gap-1 md:gap-3\"><div class=\"flex max-w-full flex-col grow\"><div class=\"min-h-8 text-message relative flex w-full flex-col items-end gap-2 text-start break-words whitespace-normal [.text-message+&amp;]:mt-5\" dir=\"auto\" data-message-author-role=\"assistant\" data-message-id=\"6ed7dd42-40c2-4ebc-a2bc-90187e0d2c45\" data-message-model-slug=\"gpt-4o\"><div class=\"flex w-full flex-col gap-1 empty:hidden first:pt-[3px]\"><div class=\"markdown prose dark:prose-invert w-full break-words light\"><p class=\"\" data-start=\"0\" data-end=\"376\">T\u1ecda l\u1ea1c b\u00ean b\u1edd T\u00e2y s\u00f4i \u0111\u1ed9ng c\u1ee7a s\u00f4ng H\u00e0n, <strong data-start=\"42\" data-end=\"78\">Novotel Danang Premier Han River<\/strong> l\u00e0 m\u1ed9t trong nh\u1eefng bi\u1ec3u t\u01b0\u1ee3ng n\u1ed5i b\u1eadt nh\u1ea5t t\u1ea1i trung t\u00e2m \u0110\u00e0 N\u1eb5ng. V\u1edbi 37 t\u1ea7ng v\u01b0\u01a1n cao gi\u1eefa l\u00f2ng th\u00e0nh ph\u1ed1, kh\u00e1ch s\u1ea1n 5 sao n\u00e0y mang \u0111\u1ebfn t\u1ea7m nh\u00ecn to\u00e0n c\u1ea3nh ngo\u1ea1n m\u1ee5c, bao qu\u00e1t \u0111\u01b0\u1eddng ch\u00e2n tr\u1eddi r\u1ef1c r\u1ee1, nh\u1eefng d\u00e3y n\u00fai h\u00f9ng v\u0129 v\u00e0 b\u00e3i bi\u1ec3n trong xanh \u2013 t\u1ea1o n\u00ean khung c\u1ea3nh ho\u00e0n h\u1ea3o cho k\u1ef3 ngh\u1ec9 c\u1ee7a b\u1ea1n.<\/p><p class=\"\" data-start=\"378\" data-end=\"908\">\u0110\u1ed1i v\u1edbi nh\u1eefng ai t\u00ecm ki\u1ebfm s\u1ef1 k\u1ebft h\u1ee3p gi\u1eefa sang tr\u1ecdng v\u00e0 phi\u00eau l\u01b0u, <strong data-start=\"445\" data-end=\"472\">G\u00f3i Novotel Stay &amp; Play<\/strong> ch\u00ednh l\u00e0 l\u1ef1a ch\u1ecdn l\u00fd t\u01b0\u1edfng. H\u00e3y t\u1eadn h\u01b0\u1edfng k\u1ef3 ngh\u1ec9 t\u1ea1i kh\u00e1ch s\u1ea1n \u0111\u1eb3ng c\u1ea5p n\u00e0y v\u00e0 tr\u1ea3i nghi\u1ec7m m\u1ed9t v\u00f2ng golf kh\u00f3 qu\u00ean t\u1ea1i <strong data-start=\"592\" data-end=\"617\">Ba Na Hills Golf Club<\/strong> \u2013 s\u00e2n golf \u0111\u01b0\u1ee3c c\u00f4ng nh\u1eadn l\u00e0 t\u1ed1t nh\u1ea5t Vi\u1ec7t Nam. D\u00f9 b\u1ea1n \u0111ang l\u00ean k\u1ebf ho\u1ea1ch cho k\u1ef3 ngh\u1ec9 gia \u0111\u00ecnh, chuy\u1ebfn golf c\u00f9ng b\u1ea1n b\u00e8 hay \u0111\u01a1n gi\u1ea3n l\u00e0 m\u1ed9t k\u1ef3 ngh\u1ec9 th\u01b0 gi\u00e3n, g\u00f3i \u01b0u \u0111\u00e3i \u0111\u1eb7c bi\u1ec7t n\u00e0y s\u1ebd mang \u0111\u1ebfn cho b\u1ea1n h\u00e0nh tr\u00ecnh \u0111\u00e1ng nh\u1edb v\u1edbi s\u1ef1 tho\u1ea3i m\u00e1i, phong c\u00e1ch v\u00e0 tr\u1ea3i nghi\u1ec7m golf \u0111\u1eb3ng c\u1ea5p th\u1ebf gi\u1edbi.<\/p><p class=\"\" data-start=\"910\" data-end=\"992\">\u0110\u1eebng b\u1ecf l\u1ee1 c\u01a1 h\u1ed9i n\u00e0y v\u00e0 n\u00e2ng t\u1ea7m tr\u1ea3i nghi\u1ec7m \u0110\u00e0 N\u1eb5ng c\u1ee7a b\u1ea1n l\u00ean m\u1ed9t t\u1ea7m cao m\u1edbi.<\/p><\/div><\/div><\/div><\/div><\/div><\/div><\/div><\/div><\/article>\t\t\t\t\t\t<\/div>\n\t\t\t\t<\/div>\n\t\t\t\t<div class=\"elementor-element elementor-element-993a504 elementor-widget elementor-widget-button\" data-id=\"993a504\" data-element_type=\"widget\" data-widget_type=\"button.default\">\n\t\t\t\t<div class=\"elementor-widget-container\">\n\t\t\t\t\t<div class=\"elementor-button-wrapper\">\n\t\t\t<a href=\"https:\/\/www.novotel-danang-premier.com\/offers\/stay-play-golf-offer-at-novotel-danang\/\" class=\"elementor-button-link elementor-button elementor-size-sm\" role=\"button\">\n\t\t\t\t\t\t<span class=\"elementor-button-content-wrapper\">\n\t\t\t\t\t\t<span class=\"elementor-button-text\">xem th\u00eam<\/span>\n\t\t<\/span>\n\t\t\t\t\t<\/a>\n\t\t<\/div>\n\t\t\t\t<\/div>\n\t\t\t\t<\/div>\n\t\t\t\t\t<\/div>\n\t\t<\/div>\n\t\t\t\t\t\t\t<\/div>\n\t\t<\/section>\n\t\t\t\t<section class=\"elementor-section elementor-top-section elementor-element elementor-element-f876332 elementor-section-full_width elementor-section-content-middle elementor-section-height-default elementor-section-height-default\" data-id=\"f876332\" data-element_type=\"section\">\n\t\t\t\t\t\t<div class=\"elementor-container elementor-column-gap-no\">\n\t\t\t\t\t<div data-dce-background-overlay-color=\"#000000\" data-dce-background-image-url=\"https:\/\/banahillsgolf.com\/wp-content\/uploads\/2025\/05\/CZDsklU-scaled.jpg\" class=\"elementor-column elementor-col-50 elementor-top-column elementor-element elementor-element-701c9da\" data-id=\"701c9da\" data-element_type=\"column\" data-settings=\"{&quot;background_background&quot;:&quot;classic&quot;}\" data-e-bg-lazyload=\".elementor-element-populated\">\n\t\t\t<div class=\"elementor-widget-wrap elementor-element-populated\">\n\t\t\t\t\t<div class=\"elementor-background-overlay\"><\/div>\n\t\t\t\t\t\t\t\t<div class=\"elementor-element elementor-element-f7c6fef dce_masking-none elementor-widget elementor-widget-image\" data-id=\"f7c6fef\" data-element_type=\"widget\" data-widget_type=\"image.default\">\n\t\t\t\t<div class=\"elementor-widget-container\">\n\t\t\t\t\t\t\t\t\t\t\t\t\t\t\t<img loading=\"lazy\" decoding=\"async\" width=\"800\" height=\"800\" src=\"https:\/\/banahillsgolf.com\/wp-content\/uploads\/2025\/05\/Picture3-1024x1024.png\" class=\"attachment-large size-large wp-image-5597\" alt=\"\" srcset=\"https:\/\/banahillsgolf.com\/wp-content\/uploads\/2025\/05\/Picture3-1024x1024.png 1024w, https:\/\/banahillsgolf.com\/wp-content\/uploads\/2025\/05\/Picture3-300x300.png 300w, https:\/\/banahillsgolf.com\/wp-content\/uploads\/2025\/05\/Picture3-150x150.png 150w, https:\/\/banahillsgolf.com\/wp-content\/uploads\/2025\/05\/Picture3-768x768.png 768w, https:\/\/banahillsgolf.com\/wp-content\/uploads\/2025\/05\/Picture3.png 1130w\" sizes=\"auto, (max-width: 800px) 100vw, 800px\" \/>\t\t\t\t\t\t\t\t\t\t\t\t\t\t\t<\/div>\n\t\t\t\t<\/div>\n\t\t\t\t\t<\/div>\n\t\t<\/div>\n\t\t\t\t<div class=\"elementor-column elementor-col-50 elementor-top-column elementor-element elementor-element-8edcfa1\" data-id=\"8edcfa1\" data-element_type=\"column\">\n\t\t\t<div class=\"elementor-widget-wrap elementor-element-populated\">\n\t\t\t\t\t\t\t\t<div class=\"elementor-element elementor-element-e18cb93 elementor-widget elementor-widget-heading\" data-id=\"e18cb93\" data-element_type=\"widget\" data-widget_type=\"heading.default\">\n\t\t\t\t<div class=\"elementor-widget-container\">\n\t\t\t<h2 class=\"elementor-heading-title elementor-size-default\">kh\u00e1ch s\u1ea1n<br>MECURE DANANG FRENCH VILLAGE\nBANA HILLS<\/h2>\t\t<\/div>\n\t\t\t\t<\/div>\n\t\t\t\t<div class=\"elementor-element elementor-element-3e62d4a elementor-widget elementor-widget-text-editor\" data-id=\"3e62d4a\" data-element_type=\"widget\" data-widget_type=\"text-editor.default\">\n\t\t\t\t<div class=\"elementor-widget-container\">\n\t\t\t\t\t\t\t<article class=\"text-token-text-primary w-full\" dir=\"auto\" data-testid=\"conversation-turn-12\" data-scroll-anchor=\"true\"><div class=\"text-base my-auto mx-auto py-5 [--thread-content-margin:--spacing(4)] @[37rem]:[--thread-content-margin:--spacing(6)] @[72rem]:[--thread-content-margin:--spacing(16)] px-(--thread-content-margin)\"><div class=\"[--thread-content-max-width:32rem] @[34rem]:[--thread-content-max-width:40rem] @[64rem]:[--thread-content-max-width:48rem] mx-auto flex max-w-(--thread-content-max-width) flex-1 text-base gap-4 md:gap-5 lg:gap-6 group\/turn-messages focus-visible:outline-hidden\" tabindex=\"-1\"><div class=\"group\/conversation-turn relative flex w-full min-w-0 flex-col agent-turn\"><div class=\"relative flex-col gap-1 md:gap-3\"><div class=\"flex max-w-full flex-col grow\"><div class=\"min-h-8 text-message relative flex w-full flex-col items-end gap-2 text-start break-words whitespace-normal [.text-message+&amp;]:mt-5\" dir=\"auto\" data-message-author-role=\"assistant\" data-message-id=\"6ed7dd42-40c2-4ebc-a2bc-90187e0d2c45\" data-message-model-slug=\"gpt-4o\"><div class=\"flex w-full flex-col gap-1 empty:hidden first:pt-[3px]\"><div class=\"markdown prose dark:prose-invert w-full break-words light\"><p class=\"\" data-start=\"0\" data-end=\"417\">N\u1eb1m tr\u00ean \u0111\u1ec9nh n\u00fai B\u00e0 N\u00e0 h\u00f9ng v\u0129 \u1edf \u0111\u1ed9 cao 1.500 m\u00e9t, <strong data-start=\"52\" data-end=\"97\">Mercure Danang French Village Ba Na Hills<\/strong> l\u00e0 m\u1ed9t khu ngh\u1ec9 d\u01b0\u1ee1ng \u0111\u1ed9c \u0111\u00e1o, t\u00e1i hi\u1ec7n v\u1ebb \u0111\u1eb9p l\u00e3ng m\u1ea1n c\u1ee7a m\u1ed9t ng\u00f4i l\u00e0ng Ph\u00e1p c\u1ed5. V\u1edbi nh\u1eefng qu\u1ea3ng tr\u01b0\u1eddng l\u00e1t \u0111\u00e1 cu\u1ed9i, th\u00e1p chu\u00f4ng cao v\u00fat, g\u00f3c ph\u1ed1 c\u1ed5 k\u00ednh v\u00e0 nh\u1eefng t\u00f2a nh\u00e0 kh\u00e1ch s\u1ea1n duy\u00ean d\u00e1ng, n\u01a1i \u0111\u00e2y mang \u0111\u1ebfn s\u1ef1 h\u00f2a quy\u1ec7n ho\u00e0n h\u1ea3o gi\u1eefa n\u00e9t quy\u1ebfn r\u0169 c\u1ee7a ch\u00e2u \u00c2u c\u1ed5 \u0111i\u1ec3n v\u00e0 v\u1ebb \u0111\u1eb9p thi\u00ean nhi\u00ean ngo\u1ea1n m\u1ee5c c\u1ee7a Vi\u1ec7t Nam.<\/p><p class=\"\" data-start=\"419\" data-end=\"584\">\u0110\u01b0\u1ee3c bao b\u1ecdc b\u1edfi khung c\u1ea3nh n\u00fai non xanh t\u01b0\u01a1i v\u00e0 b\u1ea7u kh\u00f4ng kh\u00ed m\u00e1t l\u00e0nh, khu ngh\u1ec9 d\u01b0\u1ee1ng n\u00e0y l\u00e0 m\u1ed9t \u0111i\u1ec3m \u0111\u1ebfn l\u00fd t\u01b0\u1edfng cho nh\u1eefng ai mu\u1ed1n tho\u00e1t kh\u1ecfi nh\u1ecbp s\u1ed1ng h\u1ed1i h\u1ea3.<\/p><p class=\"\" data-start=\"586\" data-end=\"757\">G\u00f3i ngh\u1ec9 d\u01b0\u1ee1ng n\u00e0y c\u00f2n bao g\u1ed3m v\u00e9 c\u00e1p treo B\u00e0 N\u00e0 Hills \u2013 m\u1ed9t trong nh\u1eefng tuy\u1ebfn c\u00e1p treo d\u00e0i v\u00e0 \u0111\u1eb9p nh\u1ea5t th\u1ebf gi\u1edbi, mang \u0111\u1ebfn tr\u1ea3i nghi\u1ec7m ng\u1eafm c\u1ea3nh ngo\u1ea1n m\u1ee5c kh\u00f4ng th\u1ec3 b\u1ecf l\u1ee1.<\/p><\/div><\/div><\/div><\/div><\/div><\/div><\/div><\/div><\/article>\t\t\t\t\t\t<\/div>\n\t\t\t\t<\/div>\n\t\t\t\t<div class=\"elementor-element elementor-element-6bff636 elementor-widget elementor-widget-button\" data-id=\"6bff636\" data-element_type=\"widget\" data-widget_type=\"button.default\">\n\t\t\t\t<div class=\"elementor-widget-container\">\n\t\t\t\t\t<div class=\"elementor-button-wrapper\">\n\t\t\t<a href=\"https:\/\/www.mercure-danang-banahills-french-village.com\/vi\/offers\/goi-uu-dai-stay-and-play\/\" class=\"elementor-button-link elementor-button elementor-size-sm\" role=\"button\">\n\t\t\t\t\t\t<span class=\"elementor-button-content-wrapper\">\n\t\t\t\t\t\t<span class=\"elementor-button-text\">xem th\u00eam<\/span>\n\t\t<\/span>\n\t\t\t\t\t<\/a>\n\t\t<\/div>\n\t\t\t\t<\/div>\n\t\t\t\t<\/div>\n\t\t\t\t\t<\/div>\n\t\t<\/div>\n\t\t\t\t\t\t\t<\/div>\n\t\t<\/section>\n\t\t\t\t\t\t\t<\/div>\n\t\t","protected":false},"excerpt":{"rendered":"<p>L\u01b0u tr\u00fa v\u00e0 \u01b0u \u0111\u00e3i Khu ngh\u1ec9 d\u01b0\u1ee1ng Intercontinental DANANG SUN PENINSULA Tr\u1ea3i nghi\u1ec7m nh\u1eefng g\u00ec tuy\u1ec7t v\u1eddi nh\u1ea5t c\u1ee7a Vi\u1ec7t Nam t\u1ea1i InterContinental Danang Sun Peninsula Resort \u2013 khu ngh\u1ec9 d\u01b0\u1ee1ng 5 sao sang tr\u1ecdng, \u0111\u1eb3ng c\u1ea5p qu\u1ed1c t\u1ebf, n\u1eb1m gi\u1eefa khu b\u1ea3o t\u1ed3n thi\u00ean nhi\u00ean b\u00e1n \u0111\u1ea3o S\u01a1n Tr\u00e0 tuy\u1ec7t \u0111\u1eb9p t\u1ea1i th\u00e0nh [&hellip;]<\/p>\n","protected":false},"author":1,"featured_media":0,"parent":0,"menu_order":0,"comment_status":"closed","ping_status":"closed","template":"","meta":{"om_disable_all_campaigns":false,"_monsterinsights_skip_tracking":false,"_monsterinsights_sitenote_active":false,"_monsterinsights_sitenote_note":"","_monsterinsights_sitenote_category":0,"footnotes":""},"class_list":["post-2108","page","type-page","status-publish","hentry"],"aioseo_notices":[],"_links":{"self":[{"href":"https:\/\/banahillsgolf.com\/vi\/wp-json\/wp\/v2\/pages\/2108","targetHints":{"allow":["GET"]}}],"collection":[{"href":"https:\/\/banahillsgolf.com\/vi\/wp-json\/wp\/v2\/pages"}],"about":[{"href":"https:\/\/banahillsgolf.com\/vi\/wp-json\/wp\/v2\/types\/page"}],"author":[{"embeddable":true,"href":"https:\/\/banahillsgolf.com\/vi\/wp-json\/wp\/v2\/users\/1"}],"replies":[{"embeddable":true,"href":"https:\/\/banahillsgolf.com\/vi\/wp-json\/wp\/v2\/comments?post=2108"}],"version-history":[{"count":11,"href":"https:\/\/banahillsgolf.com\/vi\/wp-json\/wp\/v2\/pages\/2108\/revisions"}],"predecessor-version":[{"id":7078,"href":"https:\/\/banahillsgolf.com\/vi\/wp-json\/wp\/v2\/pages\/2108\/revisions\/7078"}],"wp:attachment":[{"href":"https:\/\/banahillsgolf.com\/vi\/wp-json\/wp\/v2\/media?parent=2108"}],"curies":[{"name":"wp","href":"https:\/\/api.w.org\/{rel}","templated":true}]}}