{"id":2201,"date":"2023-01-16T13:11:28","date_gmt":"2023-01-16T13:11:28","guid":{"rendered":"https:\/\/banahills.weavingwebs.co.uk\/special-rates\/"},"modified":"2023-04-12T09:22:17","modified_gmt":"2023-04-12T09:22:17","slug":"uu-dai-dac-biet","status":"publish","type":"page","link":"https:\/\/banahillsgolf.com\/vi\/gia-golf-va-cac-goi-uu-dai\/uu-dai-dac-biet\/","title":{"rendered":"\u01afu \u0111\u00e3i \u0111\u1eb7c bi\u1ec7t"},"content":{"rendered":"<p>\u0110\u1eebng b\u1ecf l\u1ee1 c\u01a1 h\u1ed9i tr\u1ea3i nghi\u1ec7m s\u00e2n g\u00f4n \u1ea5n t\u01b0\u1ee3ng n\u1eb1m trong top 100 s\u00e2n g\u00f4n t\u1ed1t nh\u1ea5t th\u1ebf gi\u1edbi v\u1edbi g\u00f3i \u01b0u \u0111\u00e3i v\u1ec1 gi\u00e1 c\u1ee7a ch\u00fang t\u00f4i:<\/p>\n<p>\n            <strong>T\u1ef6 L\u1ec6 \u0110\u1ecaA PH\u01af\u01a0NG<\/strong>\n          <\/p>\n<p><strong>Ch\u1ec9 VND1,750,000<\/strong><strong>\/kh\u00e1ch (trong tu\u1ea7n)\/ 2,200,000VN\u0110\/kh\u00e1ch (cu\u1ed1i tu\u1ea7n)<\/strong> \u2013 \u00c1p d\u1ee5ng h\u00e0ng ng\u00e0y cho kh\u00e1ch sinh s\u1ed1ng ho\u1eb7c l\u00e0m vi\u1ec7c t\u1ea1i \u0110\u00e0 N\u1eb5ng, Qu\u1ea3ng Nam, Hu\u1ebf v\u00e0 Qu\u1ea3ng Ng\u00e3i.<br \/>\u2013 \u00c1p d\u1ee5ng h\u00e0ng ng\u00e0y cho kh\u00e1ch sinh s\u1ed1ng ho\u1eb7c l\u00e0m vi\u1ec7c t\u1ea1i \u0110\u00e0 N\u1eb5ng, Qu\u1ea3ng Nam, Hu\u1ebf v\u00e0 Qu\u1ea3ng Ng\u00e3i.<\/p>\n<p>\n            <strong>T\u1ef6 L\u1ec6 TO\u00c0N QU\u1ed0C<\/strong>\n          <\/p>\n<p><strong>Ch\u1ec9 VND2,100,000\/kh\u00e1ch (trong tu\u1ea7n)\/ 2,700,000VN\u0110\/kh\u00e1ch (cu\u1ed1i tu\u1ea7n) \u2013 \u00c1p d\u1ee5ng h\u00e0ng ng\u00e0y cho m\u1ecdi kh\u00e1ch h\u00e0ng<\/strong><br \/>\u2013 \u00c1p d\u1ee5ng h\u00e0ng ng\u00e0y cho m\u1ecdi kh\u00e1ch h\u00e0ng<\/p>\n<p><strong>\u0110\u1eb6T NGAY T\u1ea0I:<\/strong><br \/>T: +84 (0) 236 3 924 888<br \/>E: sm@banahillsgolf.com<br \/>W: www.banahillsgolf.com<\/p>\n<p>* Gi\u00e1 \u0111\u00e3 bao g\u1ed3m ph\u00ed g\u00f4n cho 18 h\u1ed1 (ph\u00ed s\u00e2n, ph\u00ed caddy v\u00e0 ph\u00ed xe \u0111i\u1ec7n d\u00f9ng chung).<br \/>* Gi\u1edd ph\u00e1t b\u00f3ng linh ho\u1ea1t t\u1eeb 6:00am m\u1ed7i ng\u00e0y.<br \/>* Th\u1eddi gian m\u1edf c\u1eeda s\u00e2n: t\u1eeb 6:00am \u0111\u1ebfn 7:00pm.<\/p>\n","protected":false},"excerpt":{"rendered":"<p>\u0110\u1eebng b\u1ecf l\u1ee1 c\u01a1 h\u1ed9i tr\u1ea3i nghi\u1ec7m s\u00e2n g\u00f4n \u1ea5n t\u01b0\u1ee3ng n\u1eb1m trong top 100 s\u00e2n g\u00f4n t\u1ed1t nh\u1ea5t th\u1ebf gi\u1edbi v\u1edbi g\u00f3i \u01b0u \u0111\u00e3i v\u1ec1 gi\u00e1 c\u1ee7a ch\u00fang t\u00f4i: T\u1ef6 L\u1ec6 \u0110\u1ecaA PH\u01af\u01a0NG Ch\u1ec9 VND1,750,000\/kh\u00e1ch (trong tu\u1ea7n)\/ 2,200,000VN\u0110\/kh\u00e1ch (cu\u1ed1i tu\u1ea7n) \u2013 \u00c1p d\u1ee5ng h\u00e0ng ng\u00e0y cho kh\u00e1ch sinh s\u1ed1ng ho\u1eb7c l\u00e0m vi\u1ec7c t\u1ea1i \u0110\u00e0 [&hellip;]<\/p>\n","protected":false},"author":1,"featured_media":0,"parent":2205,"menu_order":0,"comment_status":"closed","ping_status":"closed","template":"","meta":{"om_disable_all_campaigns":false,"_monsterinsights_skip_tracking":false,"_monsterinsights_sitenote_active":false,"_monsterinsights_sitenote_note":"","_monsterinsights_sitenote_category":0,"footnotes":""},"class_list":["post-2201","page","type-page","status-publish","hentry"],"aioseo_notices":[],"_links":{"self":[{"href":"https:\/\/banahillsgolf.com\/vi\/wp-json\/wp\/v2\/pages\/2201","targetHints":{"allow":["GET"]}}],"collection":[{"href":"https:\/\/banahillsgolf.com\/vi\/wp-json\/wp\/v2\/pages"}],"about":[{"href":"https:\/\/banahillsgolf.com\/vi\/wp-json\/wp\/v2\/types\/page"}],"author":[{"embeddable":true,"href":"https:\/\/banahillsgolf.com\/vi\/wp-json\/wp\/v2\/users\/1"}],"replies":[{"embeddable":true,"href":"https:\/\/banahillsgolf.com\/vi\/wp-json\/wp\/v2\/comments?post=2201"}],"version-history":[{"count":12,"href":"https:\/\/banahillsgolf.com\/vi\/wp-json\/wp\/v2\/pages\/2201\/revisions"}],"predecessor-version":[{"id":2570,"href":"https:\/\/banahillsgolf.com\/vi\/wp-json\/wp\/v2\/pages\/2201\/revisions\/2570"}],"up":[{"embeddable":true,"href":"https:\/\/banahillsgolf.com\/vi\/wp-json\/wp\/v2\/pages\/2205"}],"wp:attachment":[{"href":"https:\/\/banahillsgolf.com\/vi\/wp-json\/wp\/v2\/media?parent=2201"}],"curies":[{"name":"wp","href":"https:\/\/api.w.org\/{rel}","templated":true}]}}