{"id":3109,"date":"2023-09-01T11:55:10","date_gmt":"2023-09-01T11:55:10","guid":{"rendered":"https:\/\/banahillsgolf.com\/gia-golf-va-cac-goi-uu-dai\/twillight-time\/"},"modified":"2023-09-05T13:55:14","modified_gmt":"2023-09-05T13:55:14","slug":"twillight-time","status":"publish","type":"page","link":"https:\/\/banahillsgolf.com\/vi\/gia-golf-va-cac-goi-uu-dai\/twillight-time\/","title":{"rendered":"Twillight Time"},"content":{"rendered":"\t\t<div data-elementor-type=\"wp-page\" data-elementor-id=\"3109\" class=\"elementor elementor-3109\">\n\t\t\t\t\t\t\t\t\t<section class=\"elementor-section elementor-top-section elementor-element elementor-element-53d9481 elementor-section-full_width elementor-section-height-default elementor-section-height-default\" data-id=\"53d9481\" data-element_type=\"section\">\n\t\t\t\t\t\t<div class=\"elementor-container elementor-column-gap-default\">\n\t\t\t\t\t<div class=\"elementor-column elementor-col-50 elementor-top-column elementor-element elementor-element-c0bcd2d\" data-id=\"c0bcd2d\" data-element_type=\"column\">\n\t\t\t<div class=\"elementor-widget-wrap elementor-element-populated\">\n\t\t\t\t\t\t\t\t<div class=\"elementor-element elementor-element-c7a31b6 elementor-widget__width-initial dce_masking-none elementor-widget elementor-widget-image\" data-id=\"c7a31b6\" data-element_type=\"widget\" data-widget_type=\"image.default\">\n\t\t\t\t<div class=\"elementor-widget-container\">\n\t\t\t<style>\/*! elementor - v3.13.3 - 28-05-2023 *\/\n.elementor-widget-image{text-align:center}.elementor-widget-image a{display:inline-block}.elementor-widget-image a img[src$=\".svg\"]{width:48px}.elementor-widget-image img{vertical-align:middle;display:inline-block}<\/style>\t\t\t\t\t\t\t\t\t\t\t\t\t<a href=\"https:\/\/banahillsgolf.com\/wp-content\/uploads\/2023\/09\/Aug-18-BHGC-TWILIGHT-GOLF.png\" data-elementor-open-lightbox=\"yes\" data-e-action-hash=\"#elementor-action%3Aaction%3Dlightbox%26settings%3DeyJpZCI6Mjk4MSwidXJsIjpmYWxzZX0%3D\">\n\t\t\t\t\t\t\t<img decoding=\"async\" src=\"https:\/\/banahillsgolf.com\/wp-content\/uploads\/2023\/09\/Aug-18-BHGC-TWILIGHT-GOLF.png\" title=\"\" alt=\"\" loading=\"lazy\" \/>\t\t\t\t\t\t\t\t<\/a>\n\t\t\t\t\t\t\t\t\t\t\t\t\t\t\t<\/div>\n\t\t\t\t<\/div>\n\t\t\t\t\t<\/div>\n\t\t<\/div>\n\t\t\t\t<div class=\"elementor-column elementor-col-50 elementor-top-column elementor-element elementor-element-ecefd5c\" data-id=\"ecefd5c\" data-element_type=\"column\">\n\t\t\t<div class=\"elementor-widget-wrap elementor-element-populated\">\n\t\t\t\t\t\t\t\t<div class=\"elementor-element elementor-element-0523247 elementor-widget elementor-widget-heading\" data-id=\"0523247\" data-element_type=\"widget\" data-widget_type=\"heading.default\">\n\t\t\t\t<div class=\"elementor-widget-container\">\n\t\t\t<style>\/*! elementor - v3.13.3 - 28-05-2023 *\/\n.elementor-heading-title{padding:0;margin:0;line-height:1}.elementor-widget-heading .elementor-heading-title[class*=elementor-size-]>a{color:inherit;font-size:inherit;line-height:inherit}.elementor-widget-heading .elementor-heading-title.elementor-size-small{font-size:15px}.elementor-widget-heading .elementor-heading-title.elementor-size-medium{font-size:19px}.elementor-widget-heading .elementor-heading-title.elementor-size-large{font-size:29px}.elementor-widget-heading .elementor-heading-title.elementor-size-xl{font-size:39px}.elementor-widget-heading .elementor-heading-title.elementor-size-xxl{font-size:59px}<\/style><h1 class=\"elementor-heading-title elementor-size-default\">Twillight Time<\/h1>\t\t<\/div>\n\t\t\t\t<\/div>\n\t\t\t\t<div class=\"elementor-element elementor-element-f08780d elementor-widget elementor-widget-text-editor\" data-id=\"f08780d\" data-element_type=\"widget\" data-widget_type=\"text-editor.default\">\n\t\t\t\t<div class=\"elementor-widget-container\">\n\t\t\t<style>\/*! elementor - v3.13.3 - 28-05-2023 *\/\n.elementor-widget-text-editor.elementor-drop-cap-view-stacked .elementor-drop-cap{background-color:#69727d;color:#fff}.elementor-widget-text-editor.elementor-drop-cap-view-framed .elementor-drop-cap{color:#69727d;border:3px solid;background-color:transparent}.elementor-widget-text-editor:not(.elementor-drop-cap-view-default) .elementor-drop-cap{margin-top:8px}.elementor-widget-text-editor:not(.elementor-drop-cap-view-default) .elementor-drop-cap-letter{width:1em;height:1em}.elementor-widget-text-editor .elementor-drop-cap{float:left;text-align:center;line-height:1;font-size:50px}.elementor-widget-text-editor .elementor-drop-cap-letter{display:inline-block}<\/style>\t\t\t\t<p>Chi\u00eam ng\u01b0\u1ee1ng \u00e1nh chi\u1ec1u t\u00e0 r\u1ef1c r\u1ee1 d\u1ea7n xu\u1ed1ng n\u00fai v\u00e0 tr\u1ea3i nghi\u1ec7m tuy\u1ec7t t\u00e1c 18 h\u1ed1 g\u00f4n \u0111\u01b0\u1ee3c thi\u1ebft k\u1ebf b\u1edfi Luke Donald ngay h\u00f4m nay.<\/p>\n<p>\ud835\udc13\ud835\udc16\ud835\udc08\ud835\udc0b\ud835\udc08\ud835\udc06\ud835\udc07\ud835\udc13 \ud835\udc13\ud835\udc08\ud835\udc0c\ud835\udc04 \u0111\u00e3 tr\u1edf l\u1ea1i v\u1edbi gi\u00e1 c\u1ef1c k\u1ef3 \u01b0u \u0111\u00e3i t\u1ea1i s\u00e2n g\u00f4n B\u00e0 N\u00e0 Hills v\u1edbi 1,600,000 VND\/18 holes:<br \/>&#8211; \u00c1p d\u1ee5ng cho th\u1eddi gian ph\u00e1t b\u00f3ng t\u1eeb 01:30 PM, s\u00e2n \u0111\u00f3ng c\u1eeda l\u00fac 07:00 PM<br \/>&#8211; Gi\u00e1 bao g\u1ed3m ph\u00ed s\u00e2n, ph\u00ed caddy, ph\u00ed xe \u0111i\u1ec7n d\u00f9ng chung v\u00e0 c\u00e1c lo\u1ea1i thu\u1ebf ph\u00ed.<\/p>\n<p>(*) KH\u00d4NG \u00e1p d\u1ee5ng v\u00e0o th\u1ee9 Ba v\u00e0 kh\u00f4ng \u00e1p d\u1ee5ng \u0111\u1ed3ng th\u1eddi c\u00f9ng c\u00e1c \u01b0u \u0111\u00e3i kh\u00e1c.<\/p>\n<p>Li\u00ean h\u1ec7 ngay B\u1ed9 Ph\u1eadn Kinh Doanh \u0111\u1ec3 \u0111\u1eb7t tee time v\u00e0 \u0111\u01b0\u1ee3c t\u01b0 v\u1ea5n th\u00eam c\u00e1c g\u00f3i \u01b0u \u0111\u00e3i hi\u1ec7n c\u00f3 t\u1ea1i s\u00e2n g\u00f4n. <\/p>\n<p>BOOK NOW VIA:<br \/>T: +84 (0) 236 3 924 888<br \/>E: sm@banahillsgolf.com<br \/>W: www.banahillsgolf.com<\/p>\n\t\t\t\t\t\t<\/div>\n\t\t\t\t<\/div>\n\t\t\t\t\t<\/div>\n\t\t<\/div>\n\t\t\t\t\t\t\t<\/div>\n\t\t<\/section>\n\t\t\t\t\t\t\t<\/div>\n\t\t","protected":false},"excerpt":{"rendered":"<p>Twillight Time Chi\u00eam ng\u01b0\u1ee1ng \u00e1nh chi\u1ec1u t\u00e0 r\u1ef1c r\u1ee1 d\u1ea7n xu\u1ed1ng n\u00fai v\u00e0 tr\u1ea3i nghi\u1ec7m tuy\u1ec7t t\u00e1c 18 h\u1ed1 g\u00f4n \u0111\u01b0\u1ee3c thi\u1ebft k\u1ebf b\u1edfi Luke Donald ngay h\u00f4m nay. \ud835\udc13\ud835\udc16\ud835\udc08\ud835\udc0b\ud835\udc08\ud835\udc06\ud835\udc07\ud835\udc13 \ud835\udc13\ud835\udc08\ud835\udc0c\ud835\udc04 \u0111\u00e3 tr\u1edf l\u1ea1i v\u1edbi gi\u00e1 c\u1ef1c k\u1ef3 \u01b0u \u0111\u00e3i t\u1ea1i s\u00e2n g\u00f4n B\u00e0 N\u00e0 Hills v\u1edbi 1,600,000 VND\/18 holes:&#8211; \u00c1p d\u1ee5ng cho th\u1eddi gian [&hellip;]<\/p>\n","protected":false},"author":5,"featured_media":0,"parent":2205,"menu_order":0,"comment_status":"closed","ping_status":"closed","template":"","meta":{"om_disable_all_campaigns":false,"_monsterinsights_skip_tracking":false,"_monsterinsights_sitenote_active":false,"_monsterinsights_sitenote_note":"","_monsterinsights_sitenote_category":0,"footnotes":""},"class_list":["post-3109","page","type-page","status-publish","hentry"],"aioseo_notices":[],"_links":{"self":[{"href":"https:\/\/banahillsgolf.com\/vi\/wp-json\/wp\/v2\/pages\/3109","targetHints":{"allow":["GET"]}}],"collection":[{"href":"https:\/\/banahillsgolf.com\/vi\/wp-json\/wp\/v2\/pages"}],"about":[{"href":"https:\/\/banahillsgolf.com\/vi\/wp-json\/wp\/v2\/types\/page"}],"author":[{"embeddable":true,"href":"https:\/\/banahillsgolf.com\/vi\/wp-json\/wp\/v2\/users\/5"}],"replies":[{"embeddable":true,"href":"https:\/\/banahillsgolf.com\/vi\/wp-json\/wp\/v2\/comments?post=3109"}],"version-history":[{"count":1,"href":"https:\/\/banahillsgolf.com\/vi\/wp-json\/wp\/v2\/pages\/3109\/revisions"}],"predecessor-version":[{"id":3110,"href":"https:\/\/banahillsgolf.com\/vi\/wp-json\/wp\/v2\/pages\/3109\/revisions\/3110"}],"up":[{"embeddable":true,"href":"https:\/\/banahillsgolf.com\/vi\/wp-json\/wp\/v2\/pages\/2205"}],"wp:attachment":[{"href":"https:\/\/banahillsgolf.com\/vi\/wp-json\/wp\/v2\/media?parent=3109"}],"curies":[{"name":"wp","href":"https:\/\/api.w.org\/{rel}","templated":true}]}}